{"id":5633,"date":"2024-12-31T16:12:38","date_gmt":"2024-12-31T15:12:38","guid":{"rendered":"http:\/\/yrwvbuk.cluster029.hosting.ovh.net\/index.php\/front_page\/"},"modified":"2025-05-08T19:09:05","modified_gmt":"2025-05-08T17:09:05","slug":"front_page","status":"publish","type":"page","link":"https:\/\/petanque-ste-luce.fr\/index.php\/front_page\/","title":{"rendered":"Histoire de la p\u00e9tanque"},"content":{"rendered":"\t\t<div data-elementor-type=\"wp-page\" data-elementor-id=\"5633\" class=\"elementor elementor-5633\">\n\t\t\t\t<div class=\"elementor-element elementor-element-61a153f e-flex e-con-boxed wpr-particle-no wpr-jarallax-no wpr-parallax-no wpr-sticky-section-no e-con e-parent\" data-id=\"61a153f\" data-element_type=\"container\" data-e-type=\"container\">\n\t\t\t\t\t<div class=\"e-con-inner\">\n\t\t\t\t<div class=\"elementor-element elementor-element-53e0f4e elementor-widget-divider--view-line elementor-widget elementor-widget-divider\" data-id=\"53e0f4e\" data-element_type=\"widget\" data-e-type=\"widget\" data-widget_type=\"divider.default\">\n\t\t\t\t<div class=\"elementor-widget-container\">\n\t\t\t\t\t\t\t<div class=\"elementor-divider\">\n\t\t\t<span class=\"elementor-divider-separator\">\n\t\t\t\t\t\t<\/span>\n\t\t<\/div>\n\t\t\t\t\t\t<\/div>\n\t\t\t\t<\/div>\n\t\t\t\t\t<\/div>\n\t\t\t\t<\/div>\n\t\t<div class=\"elementor-element elementor-element-db3e6d2 e-flex e-con-boxed wpr-particle-no wpr-jarallax-no wpr-parallax-no wpr-sticky-section-no e-con e-parent\" data-id=\"db3e6d2\" data-element_type=\"container\" data-e-type=\"container\" data-settings=\"{&quot;background_background&quot;:&quot;classic&quot;,&quot;shape_divider_top&quot;:&quot;drops&quot;}\">\n\t\t\t\t\t<div class=\"e-con-inner\">\n\t\t\t\t<div class=\"elementor-shape elementor-shape-top\" aria-hidden=\"true\" data-negative=\"false\">\n\t\t\t<svg xmlns=\"http:\/\/www.w3.org\/2000\/svg\" height=\"100%\" viewBox=\"0 0 283.5 27.8\" preserveAspectRatio=\"xMidYMax slice\">\n\t<path class=\"elementor-shape-fill\" d=\"M0 0v1.4c.6.7 1.1 1.4 1.4 2 2 3.8 2.2 6.6 1.8 10.8-.3 3.3-2.4 9.4 0 12.3 1.7 2 3.7 1.4 4.6-.9 1.4-3.8-.7-8.2-.6-12 .1-3.7 3.2-5.5 6.9-4.9 4 .6 4.8 4 4.9 7.4.1 1.8-1.1 7 0 8.5.6.8 1.6 1.2 2.4.5 1.4-1.1.1-5.4.1-6.9.1-3.7.3-8.6 4.1-10.5 5-2.5 6.2 1.6 5.4 5.6-.4 1.7-1 9.2 2.9 6.3 1.5-1.1.7-3.5.5-4.9-.4-2.4-.4-4.3 1-6.5.9-1.4 2.4-3.1 4.2-3 2.4.1 2.7 2.2 4 3.7 1.5 1.8 1.8 2.2 3 .1 1.1-1.9 1.2-2.8 3.6-3.3 1.3-.3 4.8-1.4 5.9-.5 1.5 1.1.6 2.8.4 4.3-.2 1.1-.6 4 1.8 3.4 1.7-.4-.3-4.1.6-5.6 1.3-2.2 5.8-1.4 7 .5 1.3 2.1.5 5.8.1 8.1s-1.2 5-.6 7.4c1.3 5.1 4.4.9 4.3-2.4-.1-4.4-2-8.8-.5-13 .9-2.4 4.6-6.6 7.7-4.5 2.7 1.8.5 7.8.2 10.3-.2 1.7-.8 4.6.2 6.2.9 1.4 2 1.5 2.6-.3.5-1.5-.9-4.5-1-6.1-.2-1.7-.4-3.7.2-5.4 1.8-5.6 3.5 2.4 6.3.6 1.4-.9 4.3-9.4 6.1-3.1.6 2.2-1.3 7.8.7 8.9 4.2 2.3 1.5-7.1 2.2-8 3.1-4 4.7 3.8 6.1 4.1 3.1.7 2.8-7.9 8.1-4.5 1.7 1.1 2.9 3.3 3.2 5.2.4 2.2-1 4.5-.6 6.6 1 4.3 4.4 1.5 4.4-1.7 0-2.7-3-8.3 1.4-9.1 4.4-.9 7.3 3.5 7.8 6.9.3 2-1.5 10.9 1.3 11.3 4.1.6-3.2-15.7 4.8-15.8 4.7-.1 2.8 4.1 3.9 6.6 1 2.4 2.1 1 2.3-.8.3-1.9-.9-3.2 1.3-4.3 5.9-2.9 5.9 5.4 5.5 8.5-.3 2-1.7 8.4 2 8.1 6.9-.5-2.8-16.9 4.8-18.7 4.7-1.2 6.1 3.6 6.3 7.1.1 1.7-1.2 8.1.6 9.1 3.5 2 1.9-7 2-8.4.2-4 1.2-9.6 6.4-9.8 4.7-.2 3.2 4.6 2.7 7.5-.4 2.2 1.3 8.6 3.8 4.4 1.1-1.9-.3-4.1-.3-6 0-1.7.4-3.2 1.3-4.6 1-1.6 2.9-3.5 5.1-2.9 2.5.6 2.3 4.1 4.1 4.9 1.9.8 1.6-.9 2.3-2.1 1.2-2.1 2.1-2.1 4.4-2.4 1.4-.2 3.6-1.5 4.9-.5 2.3 1.7-.7 4.4.1 6.5.6 1.5 2.1 1.7 2.8.3.7-1.4-1.1-3.4-.3-4.8 1.4-2.5 6.2-1.2 7.2 1 2.3 4.8-3.3 12-.2 16.3 3 4.1 3.9-2.8 3.8-4.8-.4-4.3-2.1-8.9 0-13.1 1.3-2.5 5.9-5.7 7.9-2.4 2 3.2-1.3 9.8-.8 13.4.5 4.4 3.5 3.3 2.7-.8-.4-1.9-2.4-10 .6-11.1 3.7-1.4 2.8 7.2 6.5.4 2.2-4.1 4.9-3.1 5.2 1.2.1 1.5-.6 3.1-.4 4.6.2 1.9 1.8 3.7 3.3 1.3 1-1.6-2.6-10.4 2.9-7.3 2.6 1.5 1.6 6.5 4.8 2.7 1.3-1.5 1.7-3.6 4-3.7 2.2-.1 4 2.3 4.8 4.1 1.3 2.9-1.5 8.4.9 10.3 4.2 3.3 3-5.5 2.7-6.9-.6-3.9 1-7.2 5.5-5 4.1 2.1 4.3 7.7 4.1 11.6 0 .8-.6 9.5 2.5 5.2 1.2-1.7-.1-7.7.1-9.6.3-2.9 1.2-5.5 4.3-6.2 4.5-1 7.7 1.5 7.4 5.8-.2 3.5-1.8 7.7-.5 11.1 1 2.7 3.6 2.8 5 .2 1.6-3.1 0-8.3-.4-11.6-.4-4.2-.2-7 1.8-10.8 0 0-.1.1-.1.2-.2.4-.3.7-.4.8v.1c-.1.2-.1.2 0 0v-.1l.4-.8c0-.1.1-.1.1-.2.2-.4.5-.8.8-1.2V0H0zM282.7 3.4z\"\/>\n<\/svg>\t\t<\/div>\n\t\t\t\t<div class=\"elementor-element elementor-element-be0fb20 elementor-widget elementor-widget-heading\" data-id=\"be0fb20\" data-element_type=\"widget\" data-e-type=\"widget\" data-widget_type=\"heading.default\">\n\t\t\t\t<div class=\"elementor-widget-container\">\n\t\t\t\t\t<h2 class=\"elementor-heading-title elementor-size-default\">HISTOIRE DE LA PETANQUE<\/h2>\t\t\t\t<\/div>\n\t\t\t\t<\/div>\n\t\t<div class=\"elementor-element elementor-element-e4f9c45 e-grid e-con-full wpr-particle-no wpr-jarallax-no wpr-parallax-no wpr-sticky-section-no e-con e-child\" data-id=\"e4f9c45\" data-element_type=\"container\" data-e-type=\"container\">\n\t\t\t\t<div class=\"elementor-element elementor-element-66a03a2 elementor-widget elementor-widget-text-editor\" data-id=\"66a03a2\" data-element_type=\"widget\" data-e-type=\"widget\" data-widget_type=\"text-editor.default\">\n\t\t\t\t<div class=\"elementor-widget-container\">\n\t\t\t\t\t\t\t\t\t<p>La p\u00e9tanque est un jeu de boules originaire du sud de la France. Son histoire remonte au d\u00e9but du 20e si\u00e8cle, plus pr\u00e9cis\u00e9ment en 1907, \u00e0 La Ciotat, une ville c\u00f4ti\u00e8re de la r\u00e9gion Provence-Alpes-C\u00f4te d&rsquo;Azur.<\/p><p>Le jeu a \u00e9t\u00e9 cr\u00e9\u00e9 par des joueurs de boules qui cherchaient une alternative \u00e0 la longue, qui n\u00e9cessitait de courir pour lancer les boules. L&rsquo;inventeur du jeu, Jules Hugues, a propos\u00e9 de jouer en position immobile, ce qui a donn\u00e9 naissance \u00e0 la p\u00e9tanque. Le nom \u00ab\u00a0p\u00e9tanque\u00a0\u00bb vient d&rsquo;une expression proven\u00e7ale signifiant \u00ab\u00a0pieds joints\u00a0\u00bb.<\/p><p>Au fil des ann\u00e9es, la p\u00e9tanque a gagn\u00e9 en popularit\u00e9 et est devenue un sport \u00e0 part enti\u00e8re, avec des comp\u00e9titions locales, nationales et internationales. La F\u00e9d\u00e9ration Fran\u00e7aise de P\u00e9tanque et de Jeu Proven\u00e7al a \u00e9t\u00e9 cr\u00e9\u00e9e en 1945 pour encadrer et promouvoir le sport.<\/p><p>Aujourd&rsquo;hui, la p\u00e9tanque est pratiqu\u00e9e dans de nombreux pays \u00e0 travers le monde et est souvent associ\u00e9e \u00e0 des moments de convivialit\u00e9 et de d\u00e9tente. C&rsquo;est un jeu qui transcende les g\u00e9n\u00e9rations et qui continue de rassembler les passionn\u00e9s.<\/p>\t\t\t\t\t\t\t\t<\/div>\n\t\t\t\t<\/div>\n\t\t\t\t<div class=\"elementor-element elementor-element-68f824b elementor-widget elementor-widget-image\" data-id=\"68f824b\" data-element_type=\"widget\" data-e-type=\"widget\" data-widget_type=\"image.default\">\n\t\t\t\t<div class=\"elementor-widget-container\">\n\t\t\t\t\t\t\t\t\t\t\t\t\t\t\t<img fetchpriority=\"high\" decoding=\"async\" width=\"690\" height=\"458\" src=\"https:\/\/petanque-ste-luce.fr\/wp-content\/uploads\/2025\/03\/histoire-petanque.jpg\" class=\"attachment-large size-large wp-image-6474\" alt=\"\" srcset=\"https:\/\/petanque-ste-luce.fr\/wp-content\/uploads\/2025\/03\/histoire-petanque.jpg 799w, https:\/\/petanque-ste-luce.fr\/wp-content\/uploads\/2025\/03\/histoire-petanque-300x199.jpg 300w, https:\/\/petanque-ste-luce.fr\/wp-content\/uploads\/2025\/03\/histoire-petanque-768x509.jpg 768w\" sizes=\"(max-width: 690px) 100vw, 690px\" \/>\t\t\t\t\t\t\t\t\t\t\t\t\t\t\t<\/div>\n\t\t\t\t<\/div>\n\t\t\t\t<\/div>\n\t\t\t\t\t<\/div>\n\t\t\t\t<\/div>\n\t\t\t\t<\/div>\n\t\t","protected":false},"excerpt":{"rendered":"<p>HISTOIRE DE LA PETANQUE La p\u00e9tanque est un jeu de boules originaire du sud de la France. Son histoire remonte au d\u00e9but du 20e si\u00e8cle, plus pr\u00e9cis\u00e9ment en 1907, \u00e0 La Ciotat, une ville c\u00f4ti\u00e8re de la r\u00e9gion Provence-Alpes-C\u00f4te d&rsquo;Azur. Le jeu a \u00e9t\u00e9 cr\u00e9\u00e9 par des joueurs de boules qui cherchaient une alternative \u00e0 la longue, qui n\u00e9cessitait de courir pour lancer les boules. L&rsquo;inventeur du jeu, Jules Hugues, a propos\u00e9 de jouer en position immobile, ce qui a donn\u00e9 naissance \u00e0 la p\u00e9tanque. Le nom \u00ab\u00a0p\u00e9tanque\u00a0\u00bb vient d&rsquo;une expression proven\u00e7ale signifiant \u00ab\u00a0pieds joints\u00a0\u00bb. Au fil des ann\u00e9es, la p\u00e9tanque a gagn\u00e9 en popularit\u00e9 et est devenue un sport \u00e0 part enti\u00e8re, avec des comp\u00e9titions locales, nationales et internationales. La F\u00e9d\u00e9ration Fran\u00e7aise de P\u00e9tanque et de Jeu Proven\u00e7al a \u00e9t\u00e9 cr\u00e9\u00e9e en 1945 pour encadrer et promouvoir le sport. Aujourd&rsquo;hui, la p\u00e9tanque est pratiqu\u00e9e dans de nombreux pays \u00e0 travers le monde et est souvent associ\u00e9e \u00e0 des moments de convivialit\u00e9 et de d\u00e9tente. C&rsquo;est un jeu qui transcende les g\u00e9n\u00e9rations et qui continue de rassembler les passionn\u00e9s.<\/p>\n","protected":false},"author":1,"featured_media":0,"parent":0,"menu_order":0,"comment_status":"closed","ping_status":"closed","template":"","meta":{"postBodyCss":"","postBodyMargin":[],"postBodyPadding":[],"postBodyBackground":{"backgroundType":"classic","gradient":""},"footnotes":""},"class_list":["post-5633","page","type-page","status-publish","hentry"],"_links":{"self":[{"href":"https:\/\/petanque-ste-luce.fr\/index.php\/wp-json\/wp\/v2\/pages\/5633","targetHints":{"allow":["GET"]}}],"collection":[{"href":"https:\/\/petanque-ste-luce.fr\/index.php\/wp-json\/wp\/v2\/pages"}],"about":[{"href":"https:\/\/petanque-ste-luce.fr\/index.php\/wp-json\/wp\/v2\/types\/page"}],"author":[{"embeddable":true,"href":"https:\/\/petanque-ste-luce.fr\/index.php\/wp-json\/wp\/v2\/users\/1"}],"replies":[{"embeddable":true,"href":"https:\/\/petanque-ste-luce.fr\/index.php\/wp-json\/wp\/v2\/comments?post=5633"}],"version-history":[{"count":26,"href":"https:\/\/petanque-ste-luce.fr\/index.php\/wp-json\/wp\/v2\/pages\/5633\/revisions"}],"predecessor-version":[{"id":7540,"href":"https:\/\/petanque-ste-luce.fr\/index.php\/wp-json\/wp\/v2\/pages\/5633\/revisions\/7540"}],"wp:attachment":[{"href":"https:\/\/petanque-ste-luce.fr\/index.php\/wp-json\/wp\/v2\/media?parent=5633"}],"curies":[{"name":"wp","href":"https:\/\/api.w.org\/{rel}","templated":true}]}}