{"id":5685,"date":"2025-01-11T18:49:01","date_gmt":"2025-01-11T17:49:01","guid":{"rendered":"http:\/\/yrwvbuk.cluster029.hosting.ovh.net\/index.php\/skt-nutritionist-coach-2\/"},"modified":"2026-03-12T23:47:30","modified_gmt":"2026-03-12T22:47:30","slug":"skt-nutritionist-coach-2","status":"publish","type":"page","link":"https:\/\/petanque-ste-luce.fr\/","title":{"rendered":"P\u00e9tanque Sainte-Luce"},"content":{"rendered":"\t\t<div data-elementor-type=\"wp-page\" data-elementor-id=\"5685\" class=\"elementor elementor-5685\">\n\t\t\t\t<div class=\"elementor-element elementor-element-ae741c4 skt-nutritionist-coach-section1 e-con-full e-flex wpr-sticky-section-no e-con e-parent\" data-id=\"ae741c4\" data-element_type=\"container\" data-e-type=\"container\" data-settings=\"{&quot;background_background&quot;:&quot;classic&quot;}\">\n\t\t<div class=\"elementor-element elementor-element-7048e8a skt-nutritionist-coach-section1-left e-con-full e-flex wpr-particle-no wpr-jarallax-no wpr-parallax-no wpr-sticky-section-no e-con e-child\" data-id=\"7048e8a\" data-element_type=\"container\" data-e-type=\"container\" data-settings=\"{&quot;background_background&quot;:&quot;classic&quot;}\">\n\t\t\t\t<div class=\"elementor-element elementor-element-13ad08b skt-nutritionist-coach-section1-img elementor-widget elementor-widget-image\" data-id=\"13ad08b\" data-element_type=\"widget\" data-e-type=\"widget\" data-widget_type=\"image.default\">\n\t\t\t\t<div class=\"elementor-widget-container\">\n\t\t\t\t\t\t\t\t\t\t\t\t\t\t\t<img decoding=\"async\" width=\"45\" height=\"45\" src=\"https:\/\/petanque-ste-luce.fr\/wp-content\/uploads\/2025\/01\/iconstratgegie5.png\" class=\"attachment-full size-full wp-image-5809\" alt=\"\" \/>\t\t\t\t\t\t\t\t\t\t\t\t\t\t\t<\/div>\n\t\t\t\t<\/div>\n\t\t\t\t<div class=\"elementor-element elementor-element-5522976 elementor-widget elementor-widget-heading\" data-id=\"5522976\" data-element_type=\"widget\" data-e-type=\"widget\" data-widget_type=\"heading.default\">\n\t\t\t\t<div class=\"elementor-widget-container\">\n\t\t\t\t\t<h2 class=\"elementor-heading-title elementor-size-default\">Jeu strat\u00e9gique<\/h2>\t\t\t\t<\/div>\n\t\t\t\t<\/div>\n\t\t\t\t<div class=\"elementor-element elementor-element-4a6b1c1 elementor-widget elementor-widget-text-editor\" data-id=\"4a6b1c1\" data-element_type=\"widget\" data-e-type=\"widget\" data-widget_type=\"text-editor.default\">\n\t\t\t\t<div class=\"elementor-widget-container\">\n\t\t\t\t\t\t\t\t\t<p>La p\u00e9tanque est un jeu de strat\u00e9gie. Chaque lancer de boule n\u00e9cessite r\u00e9flexion et anticipation. Les joueurs doivent \u00e9valuer la position des boules adverses, r\u00e9fl\u00e9chir \u00e0 leur propre placement et d\u00e9cider de la meilleure approche pour marquer des points.&nbsp;<\/p>\n<p>Cette dimension strat\u00e9gique stimule l&rsquo;esprit et encourage les joueurs \u00e0 d\u00e9velopper des comp\u00e9tences analytiques.<\/p>\t\t\t\t\t\t\t\t<\/div>\n\t\t\t\t<\/div>\n\t\t\t\t<\/div>\n\t\t<div class=\"elementor-element elementor-element-fed690b skt-nutritionist-coach-section1-left e-con-full e-flex wpr-particle-no wpr-jarallax-no wpr-parallax-no wpr-sticky-section-no e-con e-child\" data-id=\"fed690b\" data-element_type=\"container\" data-e-type=\"container\" data-settings=\"{&quot;background_background&quot;:&quot;classic&quot;}\">\n\t\t\t\t<div class=\"elementor-element elementor-element-66c4b7e skt-nutritionist-coach-section1-img elementor-widget elementor-widget-image\" data-id=\"66c4b7e\" data-element_type=\"widget\" data-e-type=\"widget\" data-widget_type=\"image.default\">\n\t\t\t\t<div class=\"elementor-widget-container\">\n\t\t\t\t\t\t\t\t\t\t\t\t\t\t\t<img decoding=\"async\" width=\"65\" height=\"75\" src=\"https:\/\/petanque-ste-luce.fr\/wp-content\/uploads\/2025\/01\/bienfaits3.png\" class=\"attachment-full size-full wp-image-5823\" alt=\"\" \/>\t\t\t\t\t\t\t\t\t\t\t\t\t\t\t<\/div>\n\t\t\t\t<\/div>\n\t\t\t\t<div class=\"elementor-element elementor-element-c380f1a elementor-widget elementor-widget-heading\" data-id=\"c380f1a\" data-element_type=\"widget\" data-e-type=\"widget\" data-widget_type=\"heading.default\">\n\t\t\t\t<div class=\"elementor-widget-container\">\n\t\t\t\t\t<h2 class=\"elementor-heading-title elementor-size-default\">Riche de bienfaits<\/h2>\t\t\t\t<\/div>\n\t\t\t\t<\/div>\n\t\t\t\t<div class=\"elementor-element elementor-element-bde7f43 elementor-widget elementor-widget-text-editor\" data-id=\"bde7f43\" data-element_type=\"widget\" data-e-type=\"widget\" data-widget_type=\"text-editor.default\">\n\t\t\t\t<div class=\"elementor-widget-container\">\n\t\t\t\t\t\t\t\t\t<p>La p\u00e9tanque,\u00a0 est bien plus qu&rsquo;un simple passe-temps.\u00a0Elle favorise l&rsquo;activit\u00e9 physique, am\u00e9liore la coordination et stimule la concentration.<\/p><p>En somme, la p\u00e9tanque est un jeu riche en enseignements. Elle nous rappelle que, derri\u00e8re chaque lancer de boule, se cachent des valeurs d&rsquo;entraide, de strat\u00e9gie et de convivialit\u00e9.\u00a0<\/p>\t\t\t\t\t\t\t\t<\/div>\n\t\t\t\t<\/div>\n\t\t\t\t<\/div>\n\t\t<div class=\"elementor-element elementor-element-9e2ec70 skt-nutritionist-coach-section1-left e-con-full e-flex wpr-particle-no wpr-jarallax-no wpr-parallax-no wpr-sticky-section-no e-con e-child\" data-id=\"9e2ec70\" data-element_type=\"container\" data-e-type=\"container\" data-settings=\"{&quot;background_background&quot;:&quot;classic&quot;}\">\n\t\t\t\t<div class=\"elementor-element elementor-element-6e1a3fd skt-nutritionist-coach-section1-img elementor-widget elementor-widget-image\" data-id=\"6e1a3fd\" data-element_type=\"widget\" data-e-type=\"widget\" data-widget_type=\"image.default\">\n\t\t\t\t<div class=\"elementor-widget-container\">\n\t\t\t\t\t\t\t\t\t\t\t\t\t\t\t<img decoding=\"async\" width=\"80\" height=\"75\" src=\"https:\/\/petanque-ste-luce.fr\/wp-content\/uploads\/2025\/01\/lien2.png\" class=\"attachment-full size-full wp-image-5815\" alt=\"\" \/>\t\t\t\t\t\t\t\t\t\t\t\t\t\t\t<\/div>\n\t\t\t\t<\/div>\n\t\t\t\t<div class=\"elementor-element elementor-element-0e76915 elementor-widget elementor-widget-heading\" data-id=\"0e76915\" data-element_type=\"widget\" data-e-type=\"widget\" data-widget_type=\"heading.default\">\n\t\t\t\t<div class=\"elementor-widget-container\">\n\t\t\t\t\t<h2 class=\"elementor-heading-title elementor-size-default\">Cr\u00e9atrice de liens sociaux<\/h2>\t\t\t\t<\/div>\n\t\t\t\t<\/div>\n\t\t\t\t<div class=\"elementor-element elementor-element-a960ed9 elementor-widget elementor-widget-text-editor\" data-id=\"a960ed9\" data-element_type=\"widget\" data-e-type=\"widget\" data-widget_type=\"text-editor.default\">\n\t\t\t\t<div class=\"elementor-widget-container\">\n\t\t\t\t\t\t\t\t\t<p>Au c\u0153ur de chaque partie de p\u00e9tanque, l&rsquo;esprit d&rsquo;\u00e9quipe se manifeste. Que ce soit en jouant en doublette ou en triplette, les joueurs doivent collaborer, \u00e9changer des strat\u00e9gies et soutenir leurs co\u00e9quipiers. Cette dynamique cr\u00e9e des liens forts, favorisant l&rsquo;amiti\u00e9 et la camaraderie aussi bien dans les moments de joie partag\u00e9s lors des victoires, mais aussi dans les encouragements lors des d\u00e9faites.<\/p>\t\t\t\t\t\t\t\t<\/div>\n\t\t\t\t<\/div>\n\t\t\t\t<\/div>\n\t\t\t\t<\/div>\n\t\t<div class=\"elementor-element elementor-element-22f4dc6 e-flex e-con-boxed wpr-particle-no wpr-jarallax-no wpr-parallax-no wpr-sticky-section-no e-con e-parent\" data-id=\"22f4dc6\" data-element_type=\"container\" data-e-type=\"container\">\n\t\t\t\t\t<div class=\"e-con-inner\">\n\t\t\t\t<div class=\"elementor-element elementor-element-e470262 elementor-widget elementor-widget-heading\" data-id=\"e470262\" data-element_type=\"widget\" data-e-type=\"widget\" data-widget_type=\"heading.default\">\n\t\t\t\t<div class=\"elementor-widget-container\">\n\t\t\t\t\t<h2 class=\"elementor-heading-title elementor-size-default\">NOS ACTUALITES<\/h2>\t\t\t\t<\/div>\n\t\t\t\t<\/div>\n\t\t\t\t\t<\/div>\n\t\t\t\t<\/div>\n\t\t<div class=\"elementor-element elementor-element-91f285d e-flex e-con-boxed wpr-particle-no wpr-jarallax-no wpr-parallax-no wpr-sticky-section-no e-con e-parent\" data-id=\"91f285d\" data-element_type=\"container\" data-e-type=\"container\">\n\t\t\t\t\t<div class=\"e-con-inner\">\n\t\t\t\t<div class=\"elementor-element elementor-element-f0ccfce ekit-blog-posts--bg-hover bg-hover-classic elementor-widget elementor-widget-elementskit-blog-posts\" data-id=\"f0ccfce\" data-element_type=\"widget\" data-e-type=\"widget\" data-widget_type=\"elementskit-blog-posts.default\">\n\t\t\t\t<div class=\"elementor-widget-container\">\n\t\t\t\t\t<div class=\"ekit-wid-con\" >        <div id=\"post-items--f0ccfce\" class=\"row post-items\">\n                    <div class=\"col-lg-4 col-md-6\">\n\n                                    <div class=\"elementskit-post-image-card\">\n                        <div class=\"elementskit-entry-header\">\n                                                            <a href=\"https:\/\/petanque-ste-luce.fr\/index.php\/2026\/03\/30\/cdc-tete-a-tete-masculi\/\" class=\"elementskit-entry-thumb\">\n                                    <img decoding=\"async\" src=\"https:\/\/petanque-ste-luce.fr\/wp-content\/uploads\/2026\/03\/SNOS1-1-e1774900196882-400x270.jpg\" alt=\"CDC TETE A TETE MASCULIN-DOUBLETTE FEMININE &#8211; 28 mars 2026\">\n                                <\/a><!-- .elementskit-entry-thumb END -->\n                                                            \n                            \n\t\t\t\t\t\t\t\t\t\t\t\t\t<\/div><!-- .elementskit-entry-header END -->\n\n\t\t\t\t\t\t<div class=\"elementskit-post-body \">\n\t\t\t\t\t\t\t\n\t\t\t\t\t\t\t\t\t\t\t\t\t\t\t\t\t\t\t\t\t\t\t\t\t\t\t\t\t\t\n\t\t\t\t\t\t\t\t\n\t\t\t\t\t\t\t\t\t\t\t\t\t\t\t\t\t\t\t\t\t<h2 class=\"entry-title\">\n\t\t\t\t\t<a href=\"https:\/\/petanque-ste-luce.fr\/index.php\/2026\/03\/30\/cdc-tete-a-tete-masculi\/\">\n\t\t\t\t\t\tCDC TETE A TETE MASCULIN-DOUBLETTE FEMININE &#8211; 28 mars 2026\t\t\t\t\t<\/a>\n\t\t\t\t<\/h2>\n\t\t\t\t\t\t\t\t\t\t\t\t\t\t\t\t\t\t\t\t\t\t\t\t\t\t\t\t\t\t\t\t                                                            <div class=\"btn-wraper\">\n                                    \n                                                                            <a class=\"elementskit-btn whitespace--normal\" id=\"\" href=\"https:\/\/petanque-ste-luce.fr\/index.php\/2026\/03\/30\/cdc-tete-a-tete-masculi\/\">\n                                        \t                                            En savoir plus                                        <\/a>\n                                                                    <\/div>\n                                                    <\/div><!-- .elementskit-post-body END -->\n                    <\/div>\n                \n            <\/div>\n                    <div class=\"col-lg-4 col-md-6\">\n\n                                    <div class=\"elementskit-post-image-card\">\n                        <div class=\"elementskit-entry-header\">\n                                                            <a href=\"https:\/\/petanque-ste-luce.fr\/index.php\/2026\/03\/26\/triplette-mixte-promotion-21-mars-2026\/\" class=\"elementskit-entry-thumb\">\n                                    <img decoding=\"async\" src=\"https:\/\/petanque-ste-luce.fr\/wp-content\/uploads\/2026\/03\/Chateaubriant17-400x270.jpg\" alt=\"TRIPLETTE MIXTE PROMOTION &#8211; 21 mars 2026\">\n                                <\/a><!-- .elementskit-entry-thumb END -->\n                                                            \n                            \n\t\t\t\t\t\t\t\t\t\t\t\t\t<\/div><!-- .elementskit-entry-header END -->\n\n\t\t\t\t\t\t<div class=\"elementskit-post-body \">\n\t\t\t\t\t\t\t\n\t\t\t\t\t\t\t\t\t\t\t\t\t\t\t\t\t\t\t\t\t\t\t\t\t\t\t\t\t\t\n\t\t\t\t\t\t\t\t\n\t\t\t\t\t\t\t\t\t\t\t\t\t\t\t\t\t\t\t\t\t<h2 class=\"entry-title\">\n\t\t\t\t\t<a href=\"https:\/\/petanque-ste-luce.fr\/index.php\/2026\/03\/26\/triplette-mixte-promotion-21-mars-2026\/\">\n\t\t\t\t\t\tTRIPLETTE MIXTE PROMOTION &#8211; 21 mars 2026\t\t\t\t\t<\/a>\n\t\t\t\t<\/h2>\n\t\t\t\t\t\t\t\t\t\t\t\t\t\t\t\t\t\t\t\t\t\t\t\t\t\t\t\t\t\t\t\t                                                            <div class=\"btn-wraper\">\n                                    \n                                                                            <a class=\"elementskit-btn whitespace--normal\" id=\"\" href=\"https:\/\/petanque-ste-luce.fr\/index.php\/2026\/03\/26\/triplette-mixte-promotion-21-mars-2026\/\">\n                                        \t                                            En savoir plus                                        <\/a>\n                                                                    <\/div>\n                                                    <\/div><!-- .elementskit-post-body END -->\n                    <\/div>\n                \n            <\/div>\n                    <div class=\"col-lg-4 col-md-6\">\n\n                                    <div class=\"elementskit-post-image-card\">\n                        <div class=\"elementskit-entry-header\">\n                                                            <a href=\"https:\/\/petanque-ste-luce.fr\/index.php\/2026\/03\/15\/prix-du-comite-14-mars-2026\/\" class=\"elementskit-entry-thumb\">\n                                    <img decoding=\"async\" src=\"https:\/\/petanque-ste-luce.fr\/wp-content\/uploads\/2026\/03\/Prix-Comite7-1-400x270.jpg\" alt=\"PRIX DU COMITE &#8211; 14 mars 2026\">\n                                <\/a><!-- .elementskit-entry-thumb END -->\n                                                            \n                            \n\t\t\t\t\t\t\t\t\t\t\t\t\t<\/div><!-- .elementskit-entry-header END -->\n\n\t\t\t\t\t\t<div class=\"elementskit-post-body \">\n\t\t\t\t\t\t\t\n\t\t\t\t\t\t\t\t\t\t\t\t\t\t\t\t\t\t\t\t\t\t\t\t\t\t\t\t\t\t\n\t\t\t\t\t\t\t\t\n\t\t\t\t\t\t\t\t\t\t\t\t\t\t\t\t\t\t\t\t\t<h2 class=\"entry-title\">\n\t\t\t\t\t<a href=\"https:\/\/petanque-ste-luce.fr\/index.php\/2026\/03\/15\/prix-du-comite-14-mars-2026\/\">\n\t\t\t\t\t\tPRIX DU COMITE &#8211; 14 mars 2026\t\t\t\t\t<\/a>\n\t\t\t\t<\/h2>\n\t\t\t\t\t\t\t\t\t\t\t\t\t\t\t\t\t\t\t\t\t\t\t\t\t\t\t\t\t\t\t\t                                                            <div class=\"btn-wraper\">\n                                    \n                                                                            <a class=\"elementskit-btn whitespace--normal\" id=\"\" href=\"https:\/\/petanque-ste-luce.fr\/index.php\/2026\/03\/15\/prix-du-comite-14-mars-2026\/\">\n                                        \t                                            En savoir plus                                        <\/a>\n                                                                    <\/div>\n                                                    <\/div><!-- .elementskit-post-body END -->\n                    <\/div>\n                \n            <\/div>\n                <\/div>\n       <\/div>\t\t\t\t<\/div>\n\t\t\t\t<\/div>\n\t\t\t\t\t<\/div>\n\t\t\t\t<\/div>\n\t\t<div class=\"elementor-element elementor-element-d0c74b4 e-flex e-con-boxed wpr-particle-no wpr-jarallax-no wpr-parallax-no wpr-sticky-section-no e-con e-parent\" data-id=\"d0c74b4\" data-element_type=\"container\" data-e-type=\"container\">\n\t\t\t\t\t<div class=\"e-con-inner\">\n\t\t<div class=\"elementor-element elementor-element-a00cf13 skt-nutritionist-coach-section2-left e-con-full e-flex wpr-particle-no wpr-jarallax-no wpr-parallax-no wpr-sticky-section-no e-con e-child\" data-id=\"a00cf13\" data-element_type=\"container\" data-e-type=\"container\">\n\t\t\t\t<div class=\"elementor-element elementor-element-4ed1109 elementor-widget__width-initial elementor-widget elementor-widget-image\" data-id=\"4ed1109\" data-element_type=\"widget\" data-e-type=\"widget\" data-widget_type=\"image.default\">\n\t\t\t\t<div class=\"elementor-widget-container\">\n\t\t\t\t\t\t\t\t\t\t\t\t\t\t\t<img loading=\"lazy\" decoding=\"async\" width=\"690\" height=\"920\" src=\"https:\/\/petanque-ste-luce.fr\/wp-content\/uploads\/2025\/02\/GIlles-768x1024.jpg\" class=\"attachment-large size-large wp-image-5917\" alt=\"\" srcset=\"https:\/\/petanque-ste-luce.fr\/wp-content\/uploads\/2025\/02\/GIlles-768x1024.jpg 768w, https:\/\/petanque-ste-luce.fr\/wp-content\/uploads\/2025\/02\/GIlles-225x300.jpg 225w, https:\/\/petanque-ste-luce.fr\/wp-content\/uploads\/2025\/02\/GIlles-1152x1536.jpg 1152w, https:\/\/petanque-ste-luce.fr\/wp-content\/uploads\/2025\/02\/GIlles-1536x2048.jpg 1536w, https:\/\/petanque-ste-luce.fr\/wp-content\/uploads\/2025\/02\/GIlles-scaled.jpg 1920w\" sizes=\"(max-width: 690px) 100vw, 690px\" \/>\t\t\t\t\t\t\t\t\t\t\t\t\t\t\t<\/div>\n\t\t\t\t<\/div>\n\t\t\t\t<\/div>\n\t\t<div class=\"elementor-element elementor-element-1f6ef94 skt-nutritionist-coach-section2-right e-con-full e-flex wpr-particle-no wpr-jarallax-no wpr-parallax-no wpr-sticky-section-no e-con e-child\" data-id=\"1f6ef94\" data-element_type=\"container\" data-e-type=\"container\">\n\t\t\t\t<div class=\"elementor-element elementor-element-dc8f6b8 elementor-widget elementor-widget-heading\" data-id=\"dc8f6b8\" data-element_type=\"widget\" data-e-type=\"widget\" data-widget_type=\"heading.default\">\n\t\t\t\t<div class=\"elementor-widget-container\">\n\t\t\t\t\t<h2 class=\"elementor-heading-title elementor-size-default\">Le mot du Pr\u00e9sident<\/h2>\t\t\t\t<\/div>\n\t\t\t\t<\/div>\n\t\t\t\t<div class=\"elementor-element elementor-element-dde6d15 elementor-widget-mobile__width-initial elementor-widget elementor-widget-text-editor\" data-id=\"dde6d15\" data-element_type=\"widget\" data-e-type=\"widget\" data-widget_type=\"text-editor.default\">\n\t\t\t\t<div class=\"elementor-widget-container\">\n\t\t\t\t\t\t\t\t\t<p>Bienvenue au sein de notre club, o\u00f9 la convivialit\u00e9 et le respect sont au coeur de nos valeurs.<\/p><p>Nous encourageons l&rsquo;engagement de tous, des joueurs aux b\u00e9n\u00e9voles, pour faire grandir notre passion commune pour la p\u00e9tanque.<\/p><p>Ensemble, continuons \u00e0 partager des moments de joie et \u00e0 transmettre notre amour du jeu, tout en veillant \u00e0 l&rsquo;\u00e9panouissement de chacun.<\/p>\t\t\t\t\t\t\t\t<\/div>\n\t\t\t\t<\/div>\n\t\t\t\t<\/div>\n\t\t\t\t\t<\/div>\n\t\t\t\t<\/div>\n\t\t<div class=\"elementor-element elementor-element-4f8488b e-flex e-con-boxed wpr-particle-no wpr-jarallax-no wpr-parallax-no wpr-sticky-section-no e-con e-parent\" data-id=\"4f8488b\" data-element_type=\"container\" data-e-type=\"container\">\n\t\t\t\t\t<div class=\"e-con-inner\">\n\t\t\t\t<div class=\"elementor-element elementor-element-1b60da4 elementor-widget elementor-widget-spacer\" data-id=\"1b60da4\" data-element_type=\"widget\" data-e-type=\"widget\" data-widget_type=\"spacer.default\">\n\t\t\t\t<div class=\"elementor-widget-container\">\n\t\t\t\t\t\t\t<div class=\"elementor-spacer\">\n\t\t\t<div class=\"elementor-spacer-inner\"><\/div>\n\t\t<\/div>\n\t\t\t\t\t\t<\/div>\n\t\t\t\t<\/div>\n\t\t\t\t\t<\/div>\n\t\t\t\t<\/div>\n\t\t<div class=\"elementor-element elementor-element-1a4bf3a e-flex e-con-boxed wpr-particle-no wpr-jarallax-no wpr-parallax-no wpr-sticky-section-no e-con e-parent\" data-id=\"1a4bf3a\" data-element_type=\"container\" data-e-type=\"container\">\n\t\t\t\t\t<div class=\"e-con-inner\">\n\t\t\t\t<div class=\"elementor-element elementor-element-1bb2efa elementor-widget elementor-widget-heading\" data-id=\"1bb2efa\" data-element_type=\"widget\" data-e-type=\"widget\" data-widget_type=\"heading.default\">\n\t\t\t\t<div class=\"elementor-widget-container\">\n\t\t\t\t\t<h2 class=\"elementor-heading-title elementor-size-default\">ILS NOUS ONT FAIT CONFIANCE<\/h2>\t\t\t\t<\/div>\n\t\t\t\t<\/div>\n\t\t\t\t\t<\/div>\n\t\t\t\t<\/div>\n\t\t<div class=\"elementor-element elementor-element-734308f e-flex e-con-boxed wpr-particle-no wpr-jarallax-no wpr-parallax-no wpr-sticky-section-no e-con e-parent\" data-id=\"734308f\" data-element_type=\"container\" data-e-type=\"container\">\n\t\t\t\t\t<div class=\"e-con-inner\">\n\t\t\t\t<div class=\"elementor-element elementor-element-dc83050 elementor-arrows-position-inside elementor-pagination-position-outside elementor-widget elementor-widget-image-carousel\" data-id=\"dc83050\" data-element_type=\"widget\" data-e-type=\"widget\" data-settings=\"{&quot;navigation&quot;:&quot;both&quot;,&quot;autoplay&quot;:&quot;yes&quot;,&quot;pause_on_hover&quot;:&quot;yes&quot;,&quot;pause_on_interaction&quot;:&quot;yes&quot;,&quot;autoplay_speed&quot;:5000,&quot;infinite&quot;:&quot;yes&quot;,&quot;speed&quot;:500}\" data-widget_type=\"image-carousel.default\">\n\t\t\t\t<div class=\"elementor-widget-container\">\n\t\t\t\t\t\t\t<div class=\"elementor-image-carousel-wrapper swiper\" role=\"region\" aria-roledescription=\"carousel\" aria-label=\"Carrousel d\u2019images\" dir=\"ltr\">\n\t\t\t<div class=\"elementor-image-carousel swiper-wrapper\" aria-live=\"off\">\n\t\t\t\t\t\t\t\t<div class=\"swiper-slide\" role=\"group\" aria-roledescription=\"slide\" aria-label=\"1 sur 4\"><figure class=\"swiper-slide-inner\"><img decoding=\"async\" class=\"swiper-slide-image\" src=\"https:\/\/petanque-ste-luce.fr\/wp-content\/uploads\/2025\/04\/logo-ste-luce.jpg\" alt=\"logo ste luce\" \/><\/figure><\/div><div class=\"swiper-slide\" role=\"group\" aria-roledescription=\"slide\" aria-label=\"2 sur 4\"><figure class=\"swiper-slide-inner\"><img decoding=\"async\" class=\"swiper-slide-image\" src=\"https:\/\/petanque-ste-luce.fr\/wp-content\/uploads\/2025\/04\/62bc8d1f7e72f_creditmutuel-768x288.jpg\" alt=\"62bc8d1f7e72f_creditmutuel\" \/><\/figure><\/div><div class=\"swiper-slide\" role=\"group\" aria-roledescription=\"slide\" aria-label=\"3 sur 4\"><figure class=\"swiper-slide-inner\"><img decoding=\"async\" class=\"swiper-slide-image\" src=\"https:\/\/petanque-ste-luce.fr\/wp-content\/uploads\/2025\/04\/crop_62bc8bf967453_vinssurvins-1.jpg\" alt=\"crop_62bc8bf967453_vinssurvins\" \/><\/figure><\/div><div class=\"swiper-slide\" role=\"group\" aria-roledescription=\"slide\" aria-label=\"4 sur 4\"><figure class=\"swiper-slide-inner\"><img decoding=\"async\" class=\"swiper-slide-image\" src=\"https:\/\/petanque-ste-luce.fr\/wp-content\/uploads\/2025\/04\/crop_62bc8c4af2421_cafeluce.jpg\" alt=\"crop_62bc8c4af2421_cafeluce\" \/><\/figure><\/div>\t\t\t<\/div>\n\t\t\t\t\t\t\t\t\t\t\t\t<div class=\"elementor-swiper-button elementor-swiper-button-prev\" role=\"button\" tabindex=\"0\">\n\t\t\t\t\t\t<svg aria-hidden=\"true\" class=\"e-font-icon-svg e-eicon-chevron-left\" viewBox=\"0 0 1000 1000\" xmlns=\"http:\/\/www.w3.org\/2000\/svg\"><path d=\"M646 125C629 125 613 133 604 142L308 442C296 454 292 471 292 487 292 504 296 521 308 533L604 854C617 867 629 875 646 875 663 875 679 871 692 858 704 846 713 829 713 812 713 796 708 779 692 767L438 487 692 225C700 217 708 204 708 187 708 171 704 154 692 142 675 129 663 125 646 125Z\"><\/path><\/svg>\t\t\t\t\t<\/div>\n\t\t\t\t\t<div class=\"elementor-swiper-button elementor-swiper-button-next\" role=\"button\" tabindex=\"0\">\n\t\t\t\t\t\t<svg aria-hidden=\"true\" class=\"e-font-icon-svg e-eicon-chevron-right\" viewBox=\"0 0 1000 1000\" xmlns=\"http:\/\/www.w3.org\/2000\/svg\"><path d=\"M696 533C708 521 713 504 713 487 713 471 708 454 696 446L400 146C388 133 375 125 354 125 338 125 325 129 313 142 300 154 292 171 292 187 292 204 296 221 308 233L563 492 304 771C292 783 288 800 288 817 288 833 296 850 308 863 321 871 338 875 354 875 371 875 388 867 400 854L696 533Z\"><\/path><\/svg>\t\t\t\t\t<\/div>\n\t\t\t\t\n\t\t\t\t\t\t\t\t\t<div class=\"swiper-pagination\"><\/div>\n\t\t\t\t\t\t\t\t\t<\/div>\n\t\t\t\t\t\t<\/div>\n\t\t\t\t<\/div>\n\t\t\t\t\t<\/div>\n\t\t\t\t<\/div>\n\t\t\t\t<\/div>\n\t\t","protected":false},"excerpt":{"rendered":"<p>Jeu strat\u00e9gique La p\u00e9tanque est un jeu de strat\u00e9gie. Chaque lancer de boule n\u00e9cessite r\u00e9flexion et anticipation. Les joueurs doivent \u00e9valuer la position des boules adverses, r\u00e9fl\u00e9chir \u00e0 leur propre placement et d\u00e9cider de la meilleure approche pour marquer des points.&nbsp; Cette dimension strat\u00e9gique stimule l&rsquo;esprit et encourage les joueurs \u00e0 d\u00e9velopper des comp\u00e9tences analytiques. Riche de bienfaits La p\u00e9tanque,\u00a0 est bien plus qu&rsquo;un simple passe-temps.\u00a0Elle favorise l&rsquo;activit\u00e9 physique, am\u00e9liore la coordination et stimule la concentration. En somme, la p\u00e9tanque est un jeu riche en enseignements. Elle nous rappelle que, derri\u00e8re chaque lancer de boule, se cachent des valeurs d&rsquo;entraide, de strat\u00e9gie et de convivialit\u00e9.\u00a0 Cr\u00e9atrice de liens sociaux Au c\u0153ur de chaque partie de p\u00e9tanque, l&rsquo;esprit d&rsquo;\u00e9quipe se manifeste. Que ce soit en jouant en doublette ou en triplette, les joueurs doivent collaborer, \u00e9changer des strat\u00e9gies et soutenir leurs co\u00e9quipiers. Cette dynamique cr\u00e9e des liens forts, favorisant l&rsquo;amiti\u00e9 et la camaraderie aussi bien dans les moments de joie partag\u00e9s lors des victoires, mais aussi dans les encouragements lors des d\u00e9faites. NOS ACTUALITES CHAMPIONNAT TETE A TETE MASCULIN &#8211; 7 MARS 2026 En savoir plus CONCOURS TREILLIERES &#8211; 14 FEVRIER 2026 En savoir plus NATIONAL &#8211; CHOLET 2026 En savoir plus Le mot du Pr\u00e9sident Bienvenue au sein de notre club, o\u00f9 la convivialit\u00e9 et le respect sont au coeur de nos valeurs. Nous encourageons l&rsquo;engagement de tous, des joueurs aux b\u00e9n\u00e9voles, pour faire grandir notre passion commune pour la p\u00e9tanque. Ensemble, continuons \u00e0 partager des moments de joie et \u00e0 transmettre notre amour du jeu, tout en veillant \u00e0 l&rsquo;\u00e9panouissement de chacun. ILS NOUS ONT FAIT CONFIANCE<\/p>\n","protected":false},"author":1,"featured_media":0,"parent":0,"menu_order":0,"comment_status":"closed","ping_status":"closed","template":"elementor_header_footer","meta":{"postBodyCss":"","postBodyMargin":[],"postBodyPadding":[],"postBodyBackground":{"backgroundType":"classic","gradient":""},"footnotes":""},"class_list":["post-5685","page","type-page","status-publish","hentry"],"_links":{"self":[{"href":"https:\/\/petanque-ste-luce.fr\/index.php\/wp-json\/wp\/v2\/pages\/5685","targetHints":{"allow":["GET"]}}],"collection":[{"href":"https:\/\/petanque-ste-luce.fr\/index.php\/wp-json\/wp\/v2\/pages"}],"about":[{"href":"https:\/\/petanque-ste-luce.fr\/index.php\/wp-json\/wp\/v2\/types\/page"}],"author":[{"embeddable":true,"href":"https:\/\/petanque-ste-luce.fr\/index.php\/wp-json\/wp\/v2\/users\/1"}],"replies":[{"embeddable":true,"href":"https:\/\/petanque-ste-luce.fr\/index.php\/wp-json\/wp\/v2\/comments?post=5685"}],"version-history":[{"count":234,"href":"https:\/\/petanque-ste-luce.fr\/index.php\/wp-json\/wp\/v2\/pages\/5685\/revisions"}],"predecessor-version":[{"id":8289,"href":"https:\/\/petanque-ste-luce.fr\/index.php\/wp-json\/wp\/v2\/pages\/5685\/revisions\/8289"}],"wp:attachment":[{"href":"https:\/\/petanque-ste-luce.fr\/index.php\/wp-json\/wp\/v2\/media?parent=5685"}],"curies":[{"name":"wp","href":"https:\/\/api.w.org\/{rel}","templated":true}]}}