{"id":5848,"date":"2025-01-14T14:50:54","date_gmt":"2025-01-14T13:50:54","guid":{"rendered":"http:\/\/yrwvbuk.cluster029.hosting.ovh.net\/?page_id=5848"},"modified":"2026-03-26T21:49:37","modified_gmt":"2026-03-26T20:49:37","slug":"lagenda-du-club","status":"publish","type":"page","link":"https:\/\/petanque-ste-luce.fr\/index.php\/lagenda-du-club\/","title":{"rendered":"L&rsquo;agenda du club"},"content":{"rendered":"\t\t<div data-elementor-type=\"wp-page\" data-elementor-id=\"5848\" class=\"elementor elementor-5848\">\n\t\t\t\t<div class=\"elementor-element elementor-element-55d85d63 e-flex e-con-boxed wpr-particle-no wpr-jarallax-no wpr-parallax-no wpr-sticky-section-no e-con e-parent\" data-id=\"55d85d63\" data-element_type=\"container\" data-e-type=\"container\">\n\t\t\t\t\t<div class=\"e-con-inner\">\n\t\t\t\t<div class=\"elementor-element elementor-element-3aee5c8c elementor-widget elementor-widget-elementskit-heading\" data-id=\"3aee5c8c\" data-element_type=\"widget\" data-e-type=\"widget\" data-widget_type=\"elementskit-heading.default\">\n\t\t\t\t<div class=\"elementor-widget-container\">\n\t\t\t\t\t<div class=\"ekit-wid-con\" ><div class=\"ekit-heading elementskit-section-title-wraper text_left   ekit_heading_tablet-   ekit_heading_mobile-\"><h2 class=\"ekit-heading--title elementskit-section-title  ekit-heading__title-has-border start\">AGENDA  DU  CLUB DE STE LUCE <\/h2><div class=\"ekit_heading_separetor_wraper ekit_heading_elementskit-border-divider ekit-dotted\"><div class=\"elementskit-border-divider ekit-dotted\"><\/div><\/div>\t\t\t\t<div class='ekit-heading__description'>\n\t\t\t\t\t<p>\u00a0Chers membres et passionn\u00e9s de p\u00e9tanque,\u00a0<\/p>\n<p>Nous avons le plaisir de vous informer des prochaines rencontres et concours qui se d\u00e9rouleront au sein de notre club. Voici les dates \u00e0 retenir.<\/p>\n<p>Pour toute question ou information compl\u00e9mentaire n'h\u00e9sitez pas \u00e0 nous contacter.<\/p>\n<p>Sportivement<\/p>\n<p>Gilles Legendre - Pr\u00e9sident<\/p>\n\t\t\t\t<\/div>\n\t\t\t<\/div><\/div>\t\t\t\t<\/div>\n\t\t\t\t<\/div>\n\t\t<div class=\"elementor-element elementor-element-7c7620f e-con-full e-flex wpr-particle-no wpr-jarallax-no wpr-parallax-no wpr-sticky-section-no e-con e-child\" data-id=\"7c7620f\" data-element_type=\"container\" data-e-type=\"container\">\n\t\t\t\t<div class=\"elementor-element elementor-element-441a545 elementor-widget elementor-widget-heading\" data-id=\"441a545\" data-element_type=\"widget\" data-e-type=\"widget\" data-widget_type=\"heading.default\">\n\t\t\t\t<div class=\"elementor-widget-container\">\n\t\t\t\t\t<h2 class=\"elementor-heading-title elementor-size-default\">Concours ffpjp organis\u00e9s par le club.\n<\/h2>\t\t\t\t<\/div>\n\t\t\t\t<\/div>\n\t\t\t\t<\/div>\n\t\t<div class=\"elementor-element elementor-element-6b61aefe e-con-full e-grid wpr-particle-no wpr-jarallax-no wpr-parallax-no wpr-sticky-section-no e-con e-child\" data-id=\"6b61aefe\" data-element_type=\"container\" data-e-type=\"container\">\n\t\t\t\t<div class=\"elementor-element elementor-element-2907613c ekit-equal-height-disable elementor-widget elementor-widget-elementskit-icon-box\" data-id=\"2907613c\" data-element_type=\"widget\" data-e-type=\"widget\" data-widget_type=\"elementskit-icon-box.default\">\n\t\t\t\t<div class=\"elementor-widget-container\">\n\t\t\t\t\t<div class=\"ekit-wid-con\" >        <!-- link opening -->\n                <a href=\"http:\/\/yrwvbuk.cluster029.hosting.ovh.net\/wp-content\/uploads\/2025\/03\/concours_14-septembre.jpg\" class=\"ekit_global_links\">\n                <!-- end link opening -->\n\n        <div class=\"elementskit-infobox text-center text- icon-top-align elementor-animation-   \">\n                    <div class=\"elementskit-box-header elementor-animation-\">\n                <div class=\"elementskit-info-box-icon  \">\n                    <i aria-hidden=\"true\" class=\"elementkit-infobox-icon icon icon-star\"><\/i>\n                <\/div>\n          <\/div>\n                        <div class=\"box-body\">\n                            <h3 class=\"elementskit-info-box-title\">\n                    8 AVRIL 2026                  <\/h3>\n                        \t\t  \t<p><p><br \/>\n\nDoublettes v\u00e9t\u00e9rans <br \/>\nJet du but 14h30\n<\/p>\n                                <\/div>\n        \n        \n                <\/div>\n                <\/a>\n        <\/div>\t\t\t\t<\/div>\n\t\t\t\t<\/div>\n\t\t\t\t<div class=\"elementor-element elementor-element-472e867 ekit-equal-height-disable elementor-widget elementor-widget-elementskit-icon-box\" data-id=\"472e867\" data-element_type=\"widget\" data-e-type=\"widget\" data-widget_type=\"elementskit-icon-box.default\">\n\t\t\t\t<div class=\"elementor-widget-container\">\n\t\t\t\t\t<div class=\"ekit-wid-con\" >        <!-- link opening -->\n                <a href=\"#\" class=\"ekit_global_links\">\n                <!-- end link opening -->\n\n        <div class=\"elementskit-infobox text-center text- icon-top-align elementor-animation-   \">\n                    <div class=\"elementskit-box-header elementor-animation-\">\n                <div class=\"elementskit-info-box-icon  \">\n                    <i aria-hidden=\"true\" class=\"elementkit-infobox-icon icon icon-Web-Portals\"><\/i>\n                <\/div>\n          <\/div>\n                        <div class=\"box-body\">\n                            <h3 class=\"elementskit-info-box-title\">\n                    14 AVRIL 2026                <\/h3>\n                        \t\t  \t<p><br \/>Championnat des clubs v\u00e9t\u00e9rans<br \/>Jet du but 14h00<\/p>\n                                <\/div>\n        \n        \n                <\/div>\n                <\/a>\n        <\/div>\t\t\t\t<\/div>\n\t\t\t\t<\/div>\n\t\t\t\t<div class=\"elementor-element elementor-element-5bc8b113 ekit-equal-height-disable elementor-widget elementor-widget-elementskit-icon-box\" data-id=\"5bc8b113\" data-element_type=\"widget\" data-e-type=\"widget\" data-widget_type=\"elementskit-icon-box.default\">\n\t\t\t\t<div class=\"elementor-widget-container\">\n\t\t\t\t\t<div class=\"ekit-wid-con\" >        <!-- link opening -->\n                <!-- end link opening -->\n\n        <div class=\"elementskit-infobox text-center text-center icon-top-align elementor-animation-   \">\n                    <div class=\"elementskit-box-header elementor-animation-\">\n                <div class=\"elementskit-info-box-icon  \">\n                    <i aria-hidden=\"true\" class=\"elementkit-infobox-icon icon icon-trophy\"><\/i>\n                <\/div>\n          <\/div>\n                        <div class=\"box-body\">\n                            <h3 class=\"elementskit-info-box-title\">\n                    14 MAI 2026                <\/h3>\n                        \t\t  \t<p><br \/>Challenge Gu\u00e9m\u00e9n\u00e9<br \/>\n\n<a href=\"https:\/\/petanque-ste-luce.fr\/wp-content\/uploads\/2026\/03\/20260514_DEPT_PET_044_DMixte_1010_Inscrits.pdf\" target=\"blank\">Liste des inscrits<\/a><\/p>\n                                        <div class=\"box-footer disable_hover_button\">\n                    <div class=\"btn-wraper\">\n                                                            <a class=\"elementskit-btn whitespace--normal\" href=\"https:\/\/petanque-ste-luce.fr\/wp-content\/uploads\/2026\/01\/Challenge-Gueneme-2026.pdf\" target=\"_blank\">\n                                        Programme &gt;&gt;                                    <\/a>\n                                                        <\/div>\n                <\/div>\n                    <\/div>\n        \n        \n                <\/div>\n        <\/div>\t\t\t\t<\/div>\n\t\t\t\t<\/div>\n\t\t\t\t<div class=\"elementor-element elementor-element-663baa08 ekit-equal-height-disable elementor-widget elementor-widget-elementskit-icon-box\" data-id=\"663baa08\" data-element_type=\"widget\" data-e-type=\"widget\" data-widget_type=\"elementskit-icon-box.default\">\n\t\t\t\t<div class=\"elementor-widget-container\">\n\t\t\t\t\t<div class=\"ekit-wid-con\" >        <!-- link opening -->\n                <a href=\"#\" class=\"ekit_global_links\">\n                <!-- end link opening -->\n\n        <div class=\"elementskit-infobox text-center text- icon-top-align elementor-animation-   \">\n                    <div class=\"elementskit-box-header elementor-animation-\">\n                <div class=\"elementskit-info-box-icon  \">\n                    <i aria-hidden=\"true\" class=\"elementkit-infobox-icon icon icon-placeholder2\"><\/i>\n                <\/div>\n          <\/div>\n                        <div class=\"box-body\">\n                            <h3 class=\"elementskit-info-box-title\">\n                    10 JUIN 2026                <\/h3>\n                        \t\t  \t<p>Doublettes v\u00e9t\u00e9rans<BR \/> Jet du but 14h30\n<\/p>\n                                <\/div>\n        \n        \n                <\/div>\n                <\/a>\n        <\/div>\t\t\t\t<\/div>\n\t\t\t\t<\/div>\n\t\t\t\t<div class=\"elementor-element elementor-element-aef961a ekit-equal-height-disable elementor-widget elementor-widget-elementskit-icon-box\" data-id=\"aef961a\" data-element_type=\"widget\" data-e-type=\"widget\" data-widget_type=\"elementskit-icon-box.default\">\n\t\t\t\t<div class=\"elementor-widget-container\">\n\t\t\t\t\t<div class=\"ekit-wid-con\" >        <!-- link opening -->\n                <a href=\"#\" class=\"ekit_global_links\">\n                <!-- end link opening -->\n\n        <div class=\"elementskit-infobox text-center text- icon-top-align elementor-animation-   \">\n                    <div class=\"elementskit-box-header elementor-animation-\">\n                <div class=\"elementskit-info-box-icon  \">\n                    <i aria-hidden=\"true\" class=\"elementkit-infobox-icon icon icon-User\"><\/i>\n                <\/div>\n          <\/div>\n                        <div class=\"box-body\">\n                            <h3 class=\"elementskit-info-box-title\">\n                     13 SEPTEMBRE 2026                <\/h3>\n                        \t\t  \t<p>Doublettes<br \/> Jet du but 14h30.<\/p>\n                                <\/div>\n        \n        \n                <\/div>\n                <\/a>\n        <\/div>\t\t\t\t<\/div>\n\t\t\t\t<\/div>\n\t\t\t\t<\/div>\n\t\t\t\t\t<\/div>\n\t\t\t\t<\/div>\n\t\t\t\t<\/div>\n\t\t","protected":false},"excerpt":{"rendered":"<p>AGENDA DU CLUB DE STE LUCE \u00a0Chers membres et passionn\u00e9s de p\u00e9tanque,\u00a0 Nous avons le plaisir de vous informer des prochaines rencontres et concours qui se d\u00e9rouleront au sein de notre club. Voici les dates \u00e0 retenir. Pour toute question ou information compl\u00e9mentaire n&rsquo;h\u00e9sitez pas \u00e0 nous contacter. Sportivement Gilles Legendre &#8211; Pr\u00e9sident Concours ffpjp organis\u00e9s par le club. 8 AVRIL 2026 Doublettes v\u00e9t\u00e9rans Jet du but 14h30 14 AVRIL 2026 Championnat des clubs v\u00e9t\u00e9ransJet du but 14h00 14 MAI 2026 Challenge Gu\u00e9m\u00e9n\u00e9 Liste des inscrits Programme &gt;&gt; 10 JUIN 2026 Doublettes v\u00e9t\u00e9rans Jet du but 14h30 13 SEPTEMBRE 2026 Doublettes Jet du but 14h30.<\/p>\n","protected":false},"author":1,"featured_media":5837,"parent":0,"menu_order":0,"comment_status":"closed","ping_status":"closed","template":"","meta":{"postBodyCss":"","postBodyMargin":[],"postBodyPadding":[],"postBodyBackground":{"backgroundType":"classic","gradient":""},"footnotes":""},"class_list":["post-5848","page","type-page","status-publish","has-post-thumbnail","hentry"],"_links":{"self":[{"href":"https:\/\/petanque-ste-luce.fr\/index.php\/wp-json\/wp\/v2\/pages\/5848","targetHints":{"allow":["GET"]}}],"collection":[{"href":"https:\/\/petanque-ste-luce.fr\/index.php\/wp-json\/wp\/v2\/pages"}],"about":[{"href":"https:\/\/petanque-ste-luce.fr\/index.php\/wp-json\/wp\/v2\/types\/page"}],"author":[{"embeddable":true,"href":"https:\/\/petanque-ste-luce.fr\/index.php\/wp-json\/wp\/v2\/users\/1"}],"replies":[{"embeddable":true,"href":"https:\/\/petanque-ste-luce.fr\/index.php\/wp-json\/wp\/v2\/comments?post=5848"}],"version-history":[{"count":92,"href":"https:\/\/petanque-ste-luce.fr\/index.php\/wp-json\/wp\/v2\/pages\/5848\/revisions"}],"predecessor-version":[{"id":8410,"href":"https:\/\/petanque-ste-luce.fr\/index.php\/wp-json\/wp\/v2\/pages\/5848\/revisions\/8410"}],"wp:featuredmedia":[{"embeddable":true,"href":"https:\/\/petanque-ste-luce.fr\/index.php\/wp-json\/wp\/v2\/media\/5837"}],"wp:attachment":[{"href":"https:\/\/petanque-ste-luce.fr\/index.php\/wp-json\/wp\/v2\/media?parent=5848"}],"curies":[{"name":"wp","href":"https:\/\/api.w.org\/{rel}","templated":true}]}}