{"id":5890,"date":"2025-02-05T18:39:05","date_gmt":"2025-02-05T17:39:05","guid":{"rendered":"http:\/\/yrwvbuk.cluster029.hosting.ovh.net\/?page_id=5890"},"modified":"2025-03-16T21:53:16","modified_gmt":"2025-03-16T20:53:16","slug":"notre-histoire","status":"publish","type":"page","link":"https:\/\/petanque-ste-luce.fr\/index.php\/notre-histoire\/","title":{"rendered":"Notre histoire"},"content":{"rendered":"\t\t<div data-elementor-type=\"wp-page\" data-elementor-id=\"5890\" class=\"elementor elementor-5890\">\n\t\t\t\t<div class=\"elementor-element elementor-element-eccc405 e-flex e-con-boxed wpr-particle-no wpr-jarallax-no wpr-parallax-no wpr-sticky-section-no e-con e-parent\" data-id=\"eccc405\" data-element_type=\"container\" data-e-type=\"container\">\n\t\t\t\t\t<div class=\"e-con-inner\">\n\t\t\t\t<div class=\"elementor-element elementor-element-775ffd1 elementor-widget elementor-widget-spacer\" data-id=\"775ffd1\" data-element_type=\"widget\" data-e-type=\"widget\" data-widget_type=\"spacer.default\">\n\t\t\t\t<div class=\"elementor-widget-container\">\n\t\t\t\t\t\t\t<div class=\"elementor-spacer\">\n\t\t\t<div class=\"elementor-spacer-inner\"><\/div>\n\t\t<\/div>\n\t\t\t\t\t\t<\/div>\n\t\t\t\t<\/div>\n\t\t\t\t\t<\/div>\n\t\t\t\t<\/div>\n\t\t<div class=\"elementor-element elementor-element-623b1df e-flex e-con-boxed wpr-particle-no wpr-jarallax-no wpr-parallax-no wpr-sticky-section-no e-con e-parent\" data-id=\"623b1df\" data-element_type=\"container\" data-e-type=\"container\">\n\t\t\t\t\t<div class=\"e-con-inner\">\n\t\t\t\t<div class=\"elementor-element elementor-element-17e6d16 elementor-widget elementor-widget-heading\" data-id=\"17e6d16\" data-element_type=\"widget\" data-e-type=\"widget\" data-widget_type=\"heading.default\">\n\t\t\t\t<div class=\"elementor-widget-container\">\n\t\t\t\t\t<h2 class=\"elementor-heading-title elementor-size-default\">NAISSANCE DU CLUB DE STE LUCE<\/h2>\t\t\t\t<\/div>\n\t\t\t\t<\/div>\n\t\t\t\t\t<\/div>\n\t\t\t\t<\/div>\n\t\t<div class=\"elementor-element elementor-element-ece2822 e-flex e-con-boxed wpr-particle-no wpr-jarallax-no wpr-parallax-no wpr-sticky-section-no e-con e-parent\" data-id=\"ece2822\" data-element_type=\"container\" data-e-type=\"container\">\n\t\t\t\t\t<div class=\"e-con-inner\">\n\t\t<div class=\"elementor-element elementor-element-2ca7f33 e-con-full e-flex wpr-particle-no wpr-jarallax-no wpr-parallax-no wpr-sticky-section-no e-con e-child\" data-id=\"2ca7f33\" data-element_type=\"container\" data-e-type=\"container\">\n\t\t\t\t<div class=\"elementor-element elementor-element-dd33921 elementor-widget__width-initial elementor-widget elementor-widget-text-editor\" data-id=\"dd33921\" data-element_type=\"widget\" data-e-type=\"widget\" data-widget_type=\"text-editor.default\">\n\t\t\t\t<div class=\"elementor-widget-container\">\n\t\t\t\t\t\t\t\t\t<p>En 1978 quelques amis fondent un club de p\u00e9tanque \u00e0 sainte Luce sur Loire. Sous la tutelle de l&rsquo;amicale la\u00efque et de la f\u00e9d\u00e9ration fran\u00e7aise de p\u00e9tanque \u00c9tienne Perrocheau en devient le premier pr\u00e9sident et le bureau compte alors parmi ses membres Pierre Brasselet, futur maire de sainte Luce.<\/p><p>De 1978 \u00e0 1996 se succ\u00e9deront 5 pr\u00e9sidents, \u00c9tienne Perrocheau , Michel Gilard, Marie France Renoir, No\u00ebl Robineau et Jean-Claude Gu\u00e9m\u00e9n\u00e9, En 1999 j\u2019int\u00e8gre le bureau comme vice-pr\u00e9sident. Ma premi\u00e8re mission est de rendre le club autonome ce qui sera fait en 2000 En 2003 suite au d\u00e9c\u00e8s pr\u00e9matur\u00e9 de Jea- Claude Gu\u00e9n\u00e9m\u00e9, je deviens le sixi\u00e8me Pr\u00e9sident du club.<\/p><p>Apr\u00e8s avoir remis \u00e0 flot le club financi\u00e8rement et sportivement mes objectifs prioritaires sont aussit\u00f4t de rechercher avec la municipalit\u00e9 un terrain viable pour le club, cr\u00e9er une section loisirs, cr\u00e9er une \u00e9cole de p\u00e9tanque. Apr\u00e8s quelques ann\u00e9es d&rsquo;attente la municipalit\u00e9 nous propose un terrain. Le 30 septembre 2010 l&rsquo;inauguration de notre boulodrome au stade municipale a lieu.<\/p>\t\t\t\t\t\t\t\t<\/div>\n\t\t\t\t<\/div>\n\t\t\t\t<\/div>\n\t\t<div class=\"elementor-element elementor-element-fe12302 e-con-full e-flex wpr-particle-no wpr-jarallax-no wpr-parallax-no wpr-sticky-section-no e-con e-child\" data-id=\"fe12302\" data-element_type=\"container\" data-e-type=\"container\">\n\t\t\t\t<div class=\"elementor-element elementor-element-6c52614 elementor-widget elementor-widget-image\" data-id=\"6c52614\" data-element_type=\"widget\" data-e-type=\"widget\" data-widget_type=\"image.default\">\n\t\t\t\t<div class=\"elementor-widget-container\">\n\t\t\t\t\t\t\t\t\t\t\t\t\t\t\t<img fetchpriority=\"high\" decoding=\"async\" width=\"690\" height=\"518\" src=\"https:\/\/petanque-ste-luce.fr\/wp-content\/uploads\/2025\/02\/PRESIDENTS-1024x768.png\" class=\"attachment-large size-large wp-image-6367\" alt=\"\" srcset=\"https:\/\/petanque-ste-luce.fr\/wp-content\/uploads\/2025\/02\/PRESIDENTS-1024x768.png 1024w, https:\/\/petanque-ste-luce.fr\/wp-content\/uploads\/2025\/02\/PRESIDENTS-300x225.png 300w, https:\/\/petanque-ste-luce.fr\/wp-content\/uploads\/2025\/02\/PRESIDENTS-768x576.png 768w, https:\/\/petanque-ste-luce.fr\/wp-content\/uploads\/2025\/02\/PRESIDENTS-1536x1152.png 1536w, https:\/\/petanque-ste-luce.fr\/wp-content\/uploads\/2025\/02\/PRESIDENTS-2048x1536.png 2048w\" sizes=\"(max-width: 690px) 100vw, 690px\" \/>\t\t\t\t\t\t\t\t\t\t\t\t\t\t\t<\/div>\n\t\t\t\t<\/div>\n\t\t\t\t<\/div>\n\t\t<div class=\"elementor-element elementor-element-671869b e-con-full e-flex wpr-particle-no wpr-jarallax-no wpr-parallax-no wpr-sticky-section-no e-con e-child\" data-id=\"671869b\" data-element_type=\"container\" data-e-type=\"container\">\n\t\t\t\t<div class=\"elementor-element elementor-element-7f214db elementor-widget elementor-widget-text-editor\" data-id=\"7f214db\" data-element_type=\"widget\" data-e-type=\"widget\" data-widget_type=\"text-editor.default\">\n\t\t\t\t<div class=\"elementor-widget-container\">\n\t\t\t\t\t\t\t\t\t<p>En 2015 la section loisirs est cr\u00e9\u00e9e, r\u00e9serv\u00e9e aux personnes non licenci\u00e9(e)s \u00e0 la F\u00e9d\u00e9ration fran\u00e7aise de p\u00e9tanque. Apr\u00e8s quelques ann\u00e9es \u00e0 faire avec plusieurs b\u00e9n\u00e9voles du club et du service Jeunesses et sports de la municipalit\u00e9, des apr\u00e8s-midi initiation \u00e0 la p\u00e9tanque avec les \u00e9coles de la R\u00e8netiere et des Tilleuls, nous cr\u00e9ons en 2020 une \u00e9cole de P\u00e9tanque.<\/p>\t\t\t\t\t\t\t\t<\/div>\n\t\t\t\t<\/div>\n\t\t\t\t<\/div>\n\t\t<div class=\"elementor-element elementor-element-10bddb1 e-con-full e-flex wpr-particle-no wpr-jarallax-no wpr-parallax-no wpr-sticky-section-no e-con e-child\" data-id=\"10bddb1\" data-element_type=\"container\" data-e-type=\"container\">\n\t\t\t\t<div class=\"elementor-element elementor-element-07acecc elementor-widget__width-initial elementor-widget elementor-widget-text-editor\" data-id=\"07acecc\" data-element_type=\"widget\" data-e-type=\"widget\" data-widget_type=\"text-editor.default\">\n\t\t\t\t<div class=\"elementor-widget-container\">\n\t\t\t\t\t\t\t\t\t<p>\u00a0Huit jeunes ferons partis de cette \u00e9cole sous la responsabilit\u00e9 d\u2019un \u00c9ducateur BF1 et d\u2019un initiateur. Cette m\u00eame ann\u00e9e nous recevons de la f\u00e9d\u00e9ration la labellisation une \u00e9toile pour notre \u00e9cole.<\/p><p>\u00a0<\/p><p>Mes prochains projets sont : la recherche de sponsors, la couverture de notre boulodrome, faire reconna\u00eetre le club au niveau sportif dans le d\u00e9partement voir dans la r\u00e9gion.<\/p>\t\t\t\t\t\t\t\t<\/div>\n\t\t\t\t<\/div>\n\t\t\t\t<\/div>\n\t\t\t\t\t<\/div>\n\t\t\t\t<\/div>\n\t\t<div class=\"elementor-element elementor-element-e001d88 e-flex e-con-boxed wpr-particle-no wpr-jarallax-no wpr-parallax-no wpr-sticky-section-no e-con e-parent\" data-id=\"e001d88\" data-element_type=\"container\" data-e-type=\"container\">\n\t\t\t\t\t<div class=\"e-con-inner\">\n\t\t\t\t<div class=\"elementor-element elementor-element-4e085ed elementor-widget elementor-widget-heading\" data-id=\"4e085ed\" data-element_type=\"widget\" data-e-type=\"widget\" data-widget_type=\"heading.default\">\n\t\t\t\t<div class=\"elementor-widget-container\">\n\t\t\t\t\t<h2 class=\"elementor-heading-title elementor-size-default\">LE PRESIDENT<\/h2>\t\t\t\t<\/div>\n\t\t\t\t<\/div>\n\t\t\t\t\t<\/div>\n\t\t\t\t<\/div>\n\t\t<div class=\"elementor-element elementor-element-9f20fa1 e-flex e-con-boxed wpr-particle-no wpr-jarallax-no wpr-parallax-no wpr-sticky-section-no e-con e-parent\" data-id=\"9f20fa1\" data-element_type=\"container\" data-e-type=\"container\">\n\t\t\t\t\t<div class=\"e-con-inner\">\n\t\t\t\t<div class=\"elementor-element elementor-element-7d82e62 elementor-widget__width-initial elementor-widget elementor-widget-image\" data-id=\"7d82e62\" data-element_type=\"widget\" data-e-type=\"widget\" data-widget_type=\"image.default\">\n\t\t\t\t<div class=\"elementor-widget-container\">\n\t\t\t\t\t\t\t\t\t\t\t\t\t\t\t<img decoding=\"async\" width=\"690\" height=\"920\" src=\"https:\/\/petanque-ste-luce.fr\/wp-content\/uploads\/2025\/02\/GIlles-768x1024.jpg\" class=\"attachment-medium_large size-medium_large wp-image-5917\" alt=\"\" srcset=\"https:\/\/petanque-ste-luce.fr\/wp-content\/uploads\/2025\/02\/GIlles-768x1024.jpg 768w, https:\/\/petanque-ste-luce.fr\/wp-content\/uploads\/2025\/02\/GIlles-225x300.jpg 225w, https:\/\/petanque-ste-luce.fr\/wp-content\/uploads\/2025\/02\/GIlles-1152x1536.jpg 1152w, https:\/\/petanque-ste-luce.fr\/wp-content\/uploads\/2025\/02\/GIlles-1536x2048.jpg 1536w, https:\/\/petanque-ste-luce.fr\/wp-content\/uploads\/2025\/02\/GIlles-scaled.jpg 1920w\" sizes=\"(max-width: 690px) 100vw, 690px\" \/>\t\t\t\t\t\t\t\t\t\t\t\t\t\t\t<\/div>\n\t\t\t\t<\/div>\n\t\t\t\t<div class=\"elementor-element elementor-element-8eb54d5 elementor-widget elementor-widget-text-editor\" data-id=\"8eb54d5\" data-element_type=\"widget\" data-e-type=\"widget\" data-widget_type=\"text-editor.default\">\n\t\t\t\t<div class=\"elementor-widget-container\">\n\t\t\t\t\t\t\t\t\t<h2>Mon parcours \u00e0 titre personnel<\/h2><p>\u00a0<\/p><ul><li>En 2010 j\u2019int\u00e8gre le comit\u00e9 44<\/li><li>En 2012 je deviens le pr\u00e9sident du district de NANTES.<\/li><li>En 2016 j\u2019int\u00e8gre le comit\u00e9 r\u00e9gional.<\/li><\/ul><p>Ces objectifs r\u00e9alis\u00e9s pendant mon mandat n\u2019ont pu \u00eatre r\u00e9alis\u00e9s que gr\u00e2ce aux bonnes volont\u00e9s, c\u2019est pourquoi je tiens \u00e0 les remercier ici tout particuli\u00e8rement pour leur travail Et ind\u00e9pendamment des nombreux b\u00e9n\u00e9voles, toutes les personnes qui font ou ont fait partie du bureau depuis que j\u2019assure la pr\u00e9sidence du club de p\u00e9tanque Sainte Luce<\/p><p><strong>GILLES LEGENDRE<\/strong><\/p>\t\t\t\t\t\t\t\t<\/div>\n\t\t\t\t<\/div>\n\t\t\t\t\t<\/div>\n\t\t\t\t<\/div>\n\t\t\t\t<\/div>\n\t\t","protected":false},"excerpt":{"rendered":"<p>NAISSANCE DU CLUB DE STE LUCE En 1978 quelques amis fondent un club de p\u00e9tanque \u00e0 sainte Luce sur Loire. Sous la tutelle de l&rsquo;amicale la\u00efque et de la f\u00e9d\u00e9ration fran\u00e7aise de p\u00e9tanque \u00c9tienne Perrocheau en devient le premier pr\u00e9sident et le bureau compte alors parmi ses membres Pierre Brasselet, futur maire de sainte Luce. De 1978 \u00e0 1996 se succ\u00e9deront 5 pr\u00e9sidents, \u00c9tienne Perrocheau , Michel Gilard, Marie France Renoir, No\u00ebl Robineau et Jean-Claude Gu\u00e9m\u00e9n\u00e9, En 1999 j\u2019int\u00e8gre le bureau comme vice-pr\u00e9sident. Ma premi\u00e8re mission est de rendre le club autonome ce qui sera fait en 2000 En 2003 suite au d\u00e9c\u00e8s pr\u00e9matur\u00e9 de Jea- Claude Gu\u00e9n\u00e9m\u00e9, je deviens le sixi\u00e8me Pr\u00e9sident du club. Apr\u00e8s avoir remis \u00e0 flot le club financi\u00e8rement et sportivement mes objectifs prioritaires sont aussit\u00f4t de rechercher avec la municipalit\u00e9 un terrain viable pour le club, cr\u00e9er une section loisirs, cr\u00e9er une \u00e9cole de p\u00e9tanque. Apr\u00e8s quelques ann\u00e9es d&rsquo;attente la municipalit\u00e9 nous propose un terrain. Le 30 septembre 2010 l&rsquo;inauguration de notre boulodrome au stade municipale a lieu. En 2015 la section loisirs est cr\u00e9\u00e9e, r\u00e9serv\u00e9e aux personnes non licenci\u00e9(e)s \u00e0 la F\u00e9d\u00e9ration fran\u00e7aise de p\u00e9tanque. Apr\u00e8s quelques ann\u00e9es \u00e0 faire avec plusieurs b\u00e9n\u00e9voles du club et du service Jeunesses et sports de la municipalit\u00e9, des apr\u00e8s-midi initiation \u00e0 la p\u00e9tanque avec les \u00e9coles de la R\u00e8netiere et des Tilleuls, nous cr\u00e9ons en 2020 une \u00e9cole de P\u00e9tanque. \u00a0Huit jeunes ferons partis de cette \u00e9cole sous la responsabilit\u00e9 d\u2019un \u00c9ducateur BF1 et d\u2019un initiateur. Cette m\u00eame ann\u00e9e nous recevons de la f\u00e9d\u00e9ration la labellisation une \u00e9toile pour notre \u00e9cole. \u00a0 Mes prochains projets sont : la recherche de sponsors, la couverture de notre boulodrome, faire reconna\u00eetre le club au niveau sportif dans le d\u00e9partement voir dans la r\u00e9gion. LE PRESIDENT Mon parcours \u00e0 titre personnel \u00a0 En 2010 j\u2019int\u00e8gre le comit\u00e9 44 En 2012 je deviens le pr\u00e9sident du district de NANTES. En 2016 j\u2019int\u00e8gre le comit\u00e9 r\u00e9gional. Ces objectifs r\u00e9alis\u00e9s pendant mon mandat n\u2019ont pu \u00eatre r\u00e9alis\u00e9s que gr\u00e2ce aux bonnes volont\u00e9s, c\u2019est pourquoi je tiens \u00e0 les remercier ici tout particuli\u00e8rement pour leur travail Et ind\u00e9pendamment des nombreux b\u00e9n\u00e9voles, toutes les personnes qui font ou ont fait partie du bureau depuis que j\u2019assure la pr\u00e9sidence du club de p\u00e9tanque Sainte Luce GILLES LEGENDRE<\/p>\n","protected":false},"author":1,"featured_media":0,"parent":0,"menu_order":0,"comment_status":"closed","ping_status":"closed","template":"","meta":{"postBodyCss":"","postBodyMargin":[],"postBodyPadding":[],"postBodyBackground":{"backgroundType":"classic","gradient":""},"footnotes":""},"class_list":["post-5890","page","type-page","status-publish","hentry"],"_links":{"self":[{"href":"https:\/\/petanque-ste-luce.fr\/index.php\/wp-json\/wp\/v2\/pages\/5890","targetHints":{"allow":["GET"]}}],"collection":[{"href":"https:\/\/petanque-ste-luce.fr\/index.php\/wp-json\/wp\/v2\/pages"}],"about":[{"href":"https:\/\/petanque-ste-luce.fr\/index.php\/wp-json\/wp\/v2\/types\/page"}],"author":[{"embeddable":true,"href":"https:\/\/petanque-ste-luce.fr\/index.php\/wp-json\/wp\/v2\/users\/1"}],"replies":[{"embeddable":true,"href":"https:\/\/petanque-ste-luce.fr\/index.php\/wp-json\/wp\/v2\/comments?post=5890"}],"version-history":[{"count":25,"href":"https:\/\/petanque-ste-luce.fr\/index.php\/wp-json\/wp\/v2\/pages\/5890\/revisions"}],"predecessor-version":[{"id":7160,"href":"https:\/\/petanque-ste-luce.fr\/index.php\/wp-json\/wp\/v2\/pages\/5890\/revisions\/7160"}],"wp:attachment":[{"href":"https:\/\/petanque-ste-luce.fr\/index.php\/wp-json\/wp\/v2\/media?parent=5890"}],"curies":[{"name":"wp","href":"https:\/\/api.w.org\/{rel}","templated":true}]}}