{"id":7317,"date":"2025-04-10T20:33:06","date_gmt":"2025-04-10T18:33:06","guid":{"rendered":"http:\/\/petanque-ste-luce.fr\/?page_id=7317"},"modified":"2025-11-21T14:01:24","modified_gmt":"2025-11-21T13:01:24","slug":"documentation","status":"publish","type":"page","link":"https:\/\/petanque-ste-luce.fr\/index.php\/documentation\/","title":{"rendered":"Documentation"},"content":{"rendered":"\t\t<div data-elementor-type=\"wp-page\" data-elementor-id=\"7317\" class=\"elementor elementor-7317\">\n\t\t\t\t<div class=\"elementor-element elementor-element-cad44a1 e-flex e-con-boxed wpr-particle-no wpr-jarallax-no wpr-parallax-no wpr-sticky-section-no wpr-equal-height-no e-con e-parent\" data-id=\"cad44a1\" data-element_type=\"container\" data-e-type=\"container\">\n\t\t\t\t\t<div class=\"e-con-inner\">\n\t\t\t\t<div class=\"elementor-element elementor-element-a98f8c3 elementor-widget elementor-widget-spacer\" data-id=\"a98f8c3\" data-element_type=\"widget\" data-e-type=\"widget\" data-widget_type=\"spacer.default\">\n\t\t\t\t<div class=\"elementor-widget-container\">\n\t\t\t\t\t\t\t<div class=\"elementor-spacer\">\n\t\t\t<div class=\"elementor-spacer-inner\"><\/div>\n\t\t<\/div>\n\t\t\t\t\t\t<\/div>\n\t\t\t\t<\/div>\n\t\t\t\t\t<\/div>\n\t\t\t\t<\/div>\n\t\t<div class=\"elementor-element elementor-element-ba8d129 e-flex e-con-boxed wpr-particle-no wpr-jarallax-no wpr-parallax-no wpr-sticky-section-no wpr-equal-height-no e-con e-parent\" data-id=\"ba8d129\" data-element_type=\"container\" data-e-type=\"container\">\n\t\t\t\t\t<div class=\"e-con-inner\">\n\t\t\t\t<div class=\"elementor-element elementor-element-6b48850 elementor-widget elementor-widget-heading\" data-id=\"6b48850\" data-element_type=\"widget\" data-e-type=\"widget\" data-widget_type=\"heading.default\">\n\t\t\t\t<div class=\"elementor-widget-container\">\n\t\t\t\t\t<h2 class=\"elementor-heading-title elementor-size-default\">LES DOCUMENTS UTILES<\/h2>\t\t\t\t<\/div>\n\t\t\t\t<\/div>\n\t\t\t\t\t<\/div>\n\t\t\t\t<\/div>\n\t\t<div class=\"elementor-element elementor-element-171d942 e-flex e-con-boxed wpr-particle-no wpr-jarallax-no wpr-parallax-no wpr-sticky-section-no wpr-equal-height-no e-con e-parent\" data-id=\"171d942\" data-element_type=\"container\" data-e-type=\"container\">\n\t\t\t\t\t<div class=\"e-con-inner\">\n\t\t\t\t<div class=\"elementor-element elementor-element-2cc10b2 elementor-widget elementor-widget-spacer\" data-id=\"2cc10b2\" data-element_type=\"widget\" data-e-type=\"widget\" data-widget_type=\"spacer.default\">\n\t\t\t\t<div class=\"elementor-widget-container\">\n\t\t\t\t\t\t\t<div class=\"elementor-spacer\">\n\t\t\t<div class=\"elementor-spacer-inner\"><\/div>\n\t\t<\/div>\n\t\t\t\t\t\t<\/div>\n\t\t\t\t<\/div>\n\t\t\t\t\t<\/div>\n\t\t\t\t<\/div>\n\t\t<div class=\"elementor-element elementor-element-5eac1d6 e-flex e-con-boxed wpr-particle-no wpr-jarallax-no wpr-parallax-no wpr-sticky-section-no wpr-equal-height-no e-con e-parent\" data-id=\"5eac1d6\" data-element_type=\"container\" data-e-type=\"container\">\n\t\t\t\t\t<div class=\"e-con-inner\">\n\t\t\t\t<div class=\"elementor-element elementor-element-25b8ae7 elementor-widget elementor-widget-elementskit-simple-tab\" data-id=\"25b8ae7\" data-element_type=\"widget\" data-e-type=\"widget\" data-widget_type=\"elementskit-simple-tab.default\">\n\t\t\t\t<div class=\"elementor-widget-container\">\n\t\t\t\t\t<div class=\"ekit-wid-con\" >        <div class=\"elementkit-tab-wraper   elementskit-fitcontent-tab \">\n            <ul class=\"nav nav-tabs elementkit-tab-nav \">\n                                    <li class=\"elementkit-nav-item elementor-repeater-item-907967c\">\n                        <a class=\"elementkit-nav-link  active show left-pos\" id=\"content-907967c69dd5be6c465d-tab\" data-ekit-handler-id=\"documents-administratifs\" data-ekit-toggle=\"tab\" data-target=\"#content-907967c69dd5be6c465d\" href=\"#Content-907967c69dd5be6c465d\"\n                            data-ekit-toggle-trigger=\"click\"\n                            aria-describedby=\"Content-907967c69dd5be6c465d\">\n                            <span class=\"elementskit-tab-icon\"><i class=\"icon icon-earth\"><\/i><\/span>                            <span class=\"elementskit-tab-title\">Documents Administratifs<\/span>\n                        <\/a>\n                    <\/li>\n                                        <li class=\"elementkit-nav-item elementor-repeater-item-7ea33d9\">\n                        <a class=\"elementkit-nav-link  left-pos\" id=\"content-7ea33d969dd5be6c465d-tab\" data-ekit-handler-id=\"documents-sportifs\" data-ekit-toggle=\"tab\" data-target=\"#content-7ea33d969dd5be6c465d\" href=\"#Content-7ea33d969dd5be6c465d\"\n                            data-ekit-toggle-trigger=\"click\"\n                            aria-describedby=\"Content-7ea33d969dd5be6c465d\">\n                            <span class=\"elementskit-tab-icon\"><i class=\"icon icon-earth\"><\/i><\/span>                            <span class=\"elementskit-tab-title\">Documents Sportifs<\/span>\n                        <\/a>\n                    <\/li>\n                                        <li class=\"elementkit-nav-item elementor-repeater-item-dd5e8c6\">\n                        <a class=\"elementkit-nav-link  left-pos\" id=\"content-dd5e8c669dd5be6c465d-tab\" data-ekit-handler-id=\"documents-divers\" data-ekit-toggle=\"tab\" data-target=\"#content-dd5e8c669dd5be6c465d\" href=\"#Content-dd5e8c669dd5be6c465d\"\n                            data-ekit-toggle-trigger=\"click\"\n                            aria-describedby=\"Content-dd5e8c669dd5be6c465d\">\n                            <span class=\"elementskit-tab-icon\"><i class=\"icon icon-earth\"><\/i><\/span>                            <span class=\"elementskit-tab-title\">Documents divers<\/span>\n                        <\/a>\n                    <\/li>\n                                <\/ul>\n\n            <div class=\"tab-content elementkit-tab-content\">\n                                    <div class=\"tab-pane elementkit-tab-pane elementor-repeater-item-907967c  active show\" id=\"content-907967c69dd5be6c465d\" role=\"tabpanel\"\n                         aria-labelledby=\"content-907967c69dd5be6c465d-tab\">\n                        <div class=\"animated fadeIn\">\n                            <p><span style=\"text-decoration: underline;\"><strong>Documents administratifs 2025<\/strong><\/span><\/p><ul><li><a href=\"https:\/\/petanque-ste-luce.fr\/wp-content\/uploads\/2025\/11\/2018-08-24-Convention-de-mise-a-disposition-gratuite-des-vehicules-de-la-commune.pdf\" target=\"_blank\" rel=\"noopener\">Convention mise \u00e0 disposition de minibus<\/a><\/li><li><a href=\"https:\/\/petanque-ste-luce.fr\/wp-content\/uploads\/2025\/11\/2025_CHARTE_WIFI_PETANQUE_STADE.pdf\" target=\"_blank\" rel=\"noopener\">Charte Wifi<\/a><\/li><li><a href=\"https:\/\/petanque-ste-luce.fr\/wp-content\/uploads\/2025\/11\/convocation-A-G-du-club-2025.odt\" target=\"_blank\" rel=\"noopener\">Convocation assembl\u00e9e g\u00e9n\u00e9rale 2025<\/a><\/li><li><a href=\"https:\/\/petanque-ste-luce.fr\/wp-content\/uploads\/2025\/11\/POUVOIR-AG.docx\" target=\"_blank\" rel=\"noopener\">Procuration de pouvoir<\/a><\/li><\/ul><hr \/><p><span style=\"text-decoration: underline;\"><strong>Documents administratifs\u00a0<\/strong><\/span><\/p><ul><li><a href=\"https:\/\/petanque-ste-luce.fr\/wp-content\/uploads\/2025\/04\/STATUT-scaled.jpg\"><span style=\"vertical-align: inherit;\"><span style=\"vertical-align: inherit;\"><span style=\"vertical-align: inherit;\"><span style=\"vertical-align: inherit;\">D\u00e9claration du nouveau bureau<\/span><\/span><\/span><\/span><\/a>\u00a0\u00a0<\/li><li><a href=\"https:\/\/petanque-ste-luce.fr\/wp-content\/uploads\/2025\/04\/FormulaireMutation2024-1.pdf\"><span style=\"vertical-align: inherit;\"><span style=\"vertical-align: inherit;\"><span style=\"vertical-align: inherit;\"><span style=\"vertical-align: inherit;\"><span style=\"vertical-align: inherit;\"><span style=\"vertical-align: inherit;\">Mutation<\/span><\/span><\/span><\/span><\/span><\/span><\/a><\/li><li><a href=\"https:\/\/petanque-ste-luce.fr\/wp-content\/uploads\/2025\/04\/ReglementfinancierCD4420232024.pdf\"><span style=\"vertical-align: inherit;\"><span style=\"vertical-align: inherit;\"><span style=\"vertical-align: inherit;\"><span style=\"vertical-align: inherit;\">R\u00e8glement financier CD44<\/span><\/span><\/span><\/span><\/a><\/li><li><a href=\"https:\/\/petanque-ste-luce.fr\/wp-content\/uploads\/2025\/04\/FicheResponsabilitsetmissionsdubureauPtanqueSteLuce-6.doc\" target=\"_blank\" rel=\"noopener\"><span style=\"vertical-align: inherit;\"><span style=\"vertical-align: inherit;\"><span style=\"vertical-align: inherit;\"><span style=\"vertical-align: inherit;\">Missions et responsabilit\u00e9 des membres du bureau<\/span><\/span><\/span><\/span><\/a><\/li><li><a href=\"https:\/\/petanque-ste-luce.fr\/wp-content\/uploads\/2025\/04\/Dclarationnouveaubureau.pdf\" target=\"_blank\" rel=\"noopener\"><span style=\"vertical-align: inherit;\"><span style=\"vertical-align: inherit;\"><span style=\"vertical-align: inherit;\"><span style=\"vertical-align: inherit;\">Nouveau bureau 2025<\/span><\/span><\/span><\/span><\/a><\/li><li><a href=\"https:\/\/petanque-ste-luce.fr\/wp-content\/uploads\/2025\/04\/statutsclub.doc\"><span style=\"vertical-align: inherit;\"><span style=\"vertical-align: inherit;\"><span style=\"vertical-align: inherit;\"><span style=\"vertical-align: inherit;\">Statuts du Club<\/span><\/span><\/span><\/span><\/a><\/li><li><a href=\"https:\/\/petanque-ste-luce.fr\/wp-content\/uploads\/2025\/04\/AGREMENT-scaled.jpg\"><span style=\"vertical-align: inherit;\"><span style=\"vertical-align: inherit;\"><span style=\"vertical-align: inherit;\"><span style=\"vertical-align: inherit;\">Fiche r\u00e9capitulative des agr\u00e9ments<\/span><\/span><\/span><\/span><\/a><\/li><li><a href=\"https:\/\/petanque-ste-luce.fr\/wp-content\/uploads\/2025\/04\/ATTESTATION-COMITE-scaled.jpg\"><span style=\"vertical-align: inherit;\"><span style=\"vertical-align: inherit;\"><span style=\"vertical-align: inherit;\"><span style=\"vertical-align: inherit;\">Attestation Comit\u00e9 44<\/span><\/span><\/span><\/span><\/a><\/li><li><a href=\"https:\/\/petanque-ste-luce.fr\/wp-content\/uploads\/2025\/04\/MODIFICATION-scaled.jpg\"><span style=\"vertical-align: inherit;\"><span style=\"vertical-align: inherit;\">Modification de l&rsquo;association &#8211; Pr\u00e9fecture<\/span><\/span><\/a><\/li><li><a href=\"https:\/\/petanque-ste-luce.fr\/wp-content\/uploads\/2025\/04\/MODIFICATION-scaled.jpg\"><span style=\"vertical-align: inherit;\"><span style=\"vertical-align: inherit;\"><span style=\"vertical-align: inherit;\"><span style=\"vertical-align: inherit;\">D\u00e9claration pr\u00e9fecture<\/span><\/span><\/span><\/span><\/a><\/li><li><a href=\"https:\/\/petanque-ste-luce.fr\/wp-content\/uploads\/2025\/04\/JEUNESSE-scaled.jpg\"><span style=\"vertical-align: inherit;\"><span style=\"vertical-align: inherit;\"><span style=\"vertical-align: inherit;\"><span style=\"vertical-align: inherit;\">D\u00e9claration Jeunesse et des Sports<\/span><\/span><\/span><\/span><\/a><\/li><li><a href=\"https:\/\/petanque-ste-luce.fr\/wp-content\/uploads\/2025\/04\/Attestationassociation1.pdf\"><span style=\"vertical-align: inherit;\"><span style=\"vertical-align: inherit;\"><span style=\"vertical-align: inherit;\"><span style=\"vertical-align: inherit;\"><span style=\"vertical-align: inherit;\"><span style=\"vertical-align: inherit;\">Assurance<\/span><\/span><\/span><\/span><\/span><\/span><\/a><\/li><li><a href=\"https:\/\/petanque-ste-luce.fr\/wp-content\/uploads\/2025\/05\/Reglement-interieur-Petanque-Sainte-Luce-sur-Loire-ed-7.doc\" target=\"_blank\" rel=\"noopener\"><span style=\"color: #ff0000;\"><span style=\"vertical-align: inherit;\"><span style=\"vertical-align: inherit;\"><span style=\"vertical-align: inherit;\"><span style=\"vertical-align: inherit;\">R\u00e8glement int\u00e9rieur<\/span><\/span><\/span><\/span><\/span><\/a><\/li><\/ul>                        <\/div>\n                    <\/div>\n                                    <div class=\"tab-pane elementkit-tab-pane elementor-repeater-item-7ea33d9 \" id=\"content-7ea33d969dd5be6c465d\" role=\"tabpanel\"\n                         aria-labelledby=\"content-7ea33d969dd5be6c465d-tab\">\n                        <div class=\"animated fadeIn\">\n                            <ul><li><a href=\"https:\/\/petanque-ste-luce.fr\/wp-content\/uploads\/2025\/04\/ReglementJeuProvenal2024.pdf\">R\u00e8glement Jeu Provencal<\/a><\/li><li><a href=\"https:\/\/petanque-ste-luce.fr\/wp-content\/uploads\/2025\/04\/REGLEMENTCNCV2024.pdf\"><span style=\"vertical-align: inherit;\"><span style=\"vertical-align: inherit;\">R\u00e8glement cnc\/cdc v<\/span><\/span><\/a><\/li><li><a href=\"https:\/\/nantes.sportsregions.fr\/documents\/reglement-cnccdc-open-et-feminins-361310\" target=\"_blank\" rel=\"noopener\">R\u00e8glement cnc\/cdc\/ open et f\u00e9minins<\/a><\/li><li><a href=\"https:\/\/petanque-ste-luce.fr\/wp-content\/uploads\/2025\/04\/REGLEMENTCOUPEDEFRANCE20222023rhe1dg.pdf\">R\u00e8glement Coupe de France<\/a><\/li><li><a href=\"https:\/\/petanque-ste-luce.fr\/wp-content\/uploads\/2025\/04\/AnnexeCNCF2024.pdf\" target=\"_blank\" rel=\"noopener\"><span style=\"vertical-align: inherit;\"><span style=\"vertical-align: inherit;\">Annexe CDC F<\/span><\/span><\/a><br \/><section><\/section><\/li><\/ul>                        <\/div>\n                    <\/div>\n                                    <div class=\"tab-pane elementkit-tab-pane elementor-repeater-item-dd5e8c6 \" id=\"content-dd5e8c669dd5be6c465d\" role=\"tabpanel\"\n                         aria-labelledby=\"content-dd5e8c669dd5be6c465d-tab\">\n                        <div class=\"animated fadeIn\">\n                            <ul><li><a href=\"https:\/\/petanque-ste-luce.fr\/wp-content\/uploads\/2025\/04\/Cerfa11850Recun1901pourmecenat2019CafeLuce.pdf\">Cerfa sponsoring<\/a><\/li><li><a href=\"https:\/\/petanque-ste-luce.fr\/wp-content\/uploads\/2025\/04\/RglementduConcoursEntreNousEd1.doc\">R\u00e8glement Concours<\/a> <a href=\"https:\/\/petanque-ste-luce.fr\/wp-content\/uploads\/2025\/04\/RglementduConcoursEntreNousEd1.doc\">Entre-nous 2025<\/a><\/li><\/ul>                        <\/div>\n                    <\/div>\n                                \n            <\/div>\n                    <\/div>\n    <\/div>\t\t\t\t<\/div>\n\t\t\t\t<\/div>\n\t\t\t\t\t<\/div>\n\t\t\t\t<\/div>\n\t\t\t\t<\/div>\n\t\t","protected":false},"excerpt":{"rendered":"<p>LES DOCUMENTS UTILES Documents Administratifs Documents Sportifs Documents divers Documents administratifs 2025 Convention mise \u00e0 disposition de minibus Charte Wifi Convocation assembl\u00e9e g\u00e9n\u00e9rale 2025 Procuration de pouvoir Documents administratifs\u00a0 D\u00e9claration du nouveau bureau\u00a0\u00a0 Mutation R\u00e8glement financier CD44 Missions et responsabilit\u00e9 des membres du bureau Nouveau bureau 2025 Statuts du Club Fiche r\u00e9capitulative des agr\u00e9ments Attestation Comit\u00e9 44 Modification de l&rsquo;association &#8211; Pr\u00e9fecture D\u00e9claration pr\u00e9fecture D\u00e9claration Jeunesse et des Sports Assurance R\u00e8glement int\u00e9rieur R\u00e8glement Jeu Provencal R\u00e8glement cnc\/cdc v R\u00e8glement cnc\/cdc\/ open et f\u00e9minins R\u00e8glement Coupe de France Annexe CDC F Cerfa sponsoring R\u00e8glement Concours Entre-nous 2025<\/p>\n","protected":false},"author":1,"featured_media":0,"parent":0,"menu_order":0,"comment_status":"closed","ping_status":"closed","template":"","meta":{"postBodyCss":"","postBodyMargin":[],"postBodyPadding":[],"postBodyBackground":{"backgroundType":"classic","gradient":""},"footnotes":""},"class_list":["post-7317","page","type-page","status-publish","hentry"],"_links":{"self":[{"href":"https:\/\/petanque-ste-luce.fr\/index.php\/wp-json\/wp\/v2\/pages\/7317","targetHints":{"allow":["GET"]}}],"collection":[{"href":"https:\/\/petanque-ste-luce.fr\/index.php\/wp-json\/wp\/v2\/pages"}],"about":[{"href":"https:\/\/petanque-ste-luce.fr\/index.php\/wp-json\/wp\/v2\/types\/page"}],"author":[{"embeddable":true,"href":"https:\/\/petanque-ste-luce.fr\/index.php\/wp-json\/wp\/v2\/users\/1"}],"replies":[{"embeddable":true,"href":"https:\/\/petanque-ste-luce.fr\/index.php\/wp-json\/wp\/v2\/comments?post=7317"}],"version-history":[{"count":35,"href":"https:\/\/petanque-ste-luce.fr\/index.php\/wp-json\/wp\/v2\/pages\/7317\/revisions"}],"predecessor-version":[{"id":7973,"href":"https:\/\/petanque-ste-luce.fr\/index.php\/wp-json\/wp\/v2\/pages\/7317\/revisions\/7973"}],"wp:attachment":[{"href":"https:\/\/petanque-ste-luce.fr\/index.php\/wp-json\/wp\/v2\/media?parent=7317"}],"curies":[{"name":"wp","href":"https:\/\/api.w.org\/{rel}","templated":true}]}}